{"id":132,"date":"2021-04-12T19:51:21","date_gmt":"2021-04-12T19:51:21","guid":{"rendered":"http:\/\/abundantlife.ch\/fr\/index.php\/la-verite-prostitution-israel\/"},"modified":"2021-04-12T19:51:56","modified_gmt":"2021-04-12T19:51:56","slug":"la-verite-prostitution-israel","status":"publish","type":"page","link":"https:\/\/abundantlife.ch\/fr\/index.php\/la-verite-prostitution-israel\/","title":{"rendered":"La v\u00e9rit\u00e9 prostitution Isra\u00ebl"},"content":{"rendered":"\n  \n    <section class=\"u-clearfix u-section-1\" id=\"sec-aafb\">\n      <div class=\"u-clearfix u-sheet u-sheet-1\">\n        <h1 class=\"u-text u-text-default u-text-1\"><b>La v\u00e9rit\u00e9 sur la prostitution en Isra\u00ebl<\/b>\n        <\/h1>\n      <\/div>\n    <\/section>\n    \n    \n    \n    \n  \n","protected":false},"excerpt":{"rendered":"<p>La v\u00e9rit\u00e9 sur la prostitution en Isra\u00ebl<\/p>\n","protected":false},"author":1,"featured_media":0,"parent":0,"menu_order":5,"comment_status":"closed","ping_status":"closed","template":"","meta":{"om_disable_all_campaigns":false,"_monsterinsights_skip_tracking":false,"_monsterinsights_sitenote_active":false,"_monsterinsights_sitenote_note":"","_monsterinsights_sitenote_category":0},"_links":{"self":[{"href":"https:\/\/abundantlife.ch\/fr\/index.php\/wp-json\/wp\/v2\/pages\/132"}],"collection":[{"href":"https:\/\/abundantlife.ch\/fr\/index.php\/wp-json\/wp\/v2\/pages"}],"about":[{"href":"https:\/\/abundantlife.ch\/fr\/index.php\/wp-json\/wp\/v2\/types\/page"}],"author":[{"embeddable":true,"href":"https:\/\/abundantlife.ch\/fr\/index.php\/wp-json\/wp\/v2\/users\/1"}],"replies":[{"embeddable":true,"href":"https:\/\/abundantlife.ch\/fr\/index.php\/wp-json\/wp\/v2\/comments?post=132"}],"version-history":[{"count":1,"href":"https:\/\/abundantlife.ch\/fr\/index.php\/wp-json\/wp\/v2\/pages\/132\/revisions"}],"predecessor-version":[{"id":170,"href":"https:\/\/abundantlife.ch\/fr\/index.php\/wp-json\/wp\/v2\/pages\/132\/revisions\/170"}],"wp:attachment":[{"href":"https:\/\/abundantlife.ch\/fr\/index.php\/wp-json\/wp\/v2\/media?parent=132"}],"curies":[{"name":"wp","href":"https:\/\/api.w.org\/{rel}","templated":true}]}}