{"id":135,"date":"2021-04-12T19:51:24","date_gmt":"2021-04-12T19:51:24","guid":{"rendered":"http:\/\/abundantlife.ch\/fr\/index.php\/centre-tapis-rouge\/"},"modified":"2021-04-12T19:51:56","modified_gmt":"2021-04-12T19:51:56","slug":"centre-tapis-rouge","status":"publish","type":"page","link":"https:\/\/abundantlife.ch\/fr\/index.php\/centre-tapis-rouge\/","title":{"rendered":"Centre Tapis Rouge"},"content":{"rendered":"\n  \n    <section class=\"u-clearfix u-section-1\" id=\"sec-0d7c\">\n      <div class=\"u-clearfix u-sheet u-sheet-1\">\n        <h1 class=\"u-text u-text-1\"><b style=\"\">Le centre d'onglerie du Tapis Rouge<\/b>\n        <\/h1>\n        <img src=\"http:\/\/abundantlife.ch\/fr\/wp-content\/uploads\/2021\/04\/firstpageredcarpet115_3_17-1.jpg\" alt=\"\" class=\"u-image u-image-default u-image-1\" data-image-width=\"5000\" data-image-height=\"4584\">\n        <img src=\"http:\/\/abundantlife.ch\/fr\/wp-content\/uploads\/2021\/04\/firstpageredcarpet15_3_17-1.jpg\" alt=\"\" class=\"u-image u-image-default u-image-2\" data-image-width=\"1600\" data-image-height=\"1000\">\n        <p class=\"u-align-justify u-text u-text-2\"><b>La vision pour \u201cLe centre d'onglerie du Tapis Rouge\"<a name=\"_Hlk35685727\">&nbsp;<\/a>a commenc\u00e9 quand nous avons rencontr\u00e9 Nadia.<\/b>&nbsp;<br>\n          <br>Nadia \u00e9tait assise sur le sable et, de toute\n\u00e9vidence, elle vivait dans la rue depuis un bon moment. Le sol \u00e9tait sale et pr\u00e8s d'elle, d'autres filles \u00e9taient assises,\ns'injectant de l'h\u00e9ro\u00efne. Nadia \u00e9tait sous l'influence de drogue, en sorte que\nnous ne pouvions pas lui parler, mais elle ne pouvait s'arr\u00eater de toucher et\nde gratter ses orteils, qui \u00e9taient douloureusement\nrouges et enfl\u00e9s. Tout ce que nous pouvions faire, \u00e9tait de poser nos mains sur\nelle et de prier. Nous l'avons quitt\u00e9e en nous sentant impuissants et tristes,\nmais pendant que nous nous \u00e9loignions en marchant, une nouvelle vision est n\u00e9e :\nnous ouvririons un centre o\u00f9 nous pourrions fournir de l'aide par des p\u00e9dicures\net des manucures ! Quelques mois plus tard, nous avons ouvert \u201cLe Centre\nd'onglerie du<b> Tapis Rouge\u201d<\/b>&nbsp;dans le quartier de la vieille gare des bus \u00e0 Tel-Aviv, un quartier de\ndrogu\u00e9s, de prostitution et de crimes.<b><\/b>&nbsp;<br>\n          <br><b>Pourquoi s'appelle-t-il \u201cLe Tapis Rouge\u201d ?<\/b>&nbsp;<br>\n          <br>Pour entrer dans le centre, il faut descendre\ndes escaliers. Chaque femme qui entre au centre est une fille du Roi, pr\u00e9cieuse\net aim\u00e9e, qui marche sur le tapis rouge pour rencontrer le Roi des rois.&nbsp;<br>\n          <br>En d\u00e9cembre 2011, le centre d'onglerie du <b>Tapis Rouge <\/b>a\nouvert. Le centre de jour fournit aux femmes qui viennent un endroit s\u00fbr, un\nrepas chaud, des habits propres que nous recevons de\nnos donateurs, un endroit o\u00f9 dormir et se doucher. En plus de r\u00e9pondre \u00e0\nleurs besoins de premi\u00e8re n\u00e9cessit\u00e9, le centre fournit \u00e9galement aux femmes des\np\u00e9dicures et des manucures, des coupes et des colorations de cheveux, des\nmassages et des produits d'hygi\u00e8ne pour les aider dans leur vie dans la rue. Elles\nre\u00e7oivent aussi des bandages pour leurs plaies ouvertes qui surviennent \u00e0 cause\nde l'usage de drogues dures et de quoi refaire le pansement m\u00e9dical plus tard.\nLes femmes peuvent s'exprimer par l'art-th\u00e9rapie, le coloriage ou le dessin.&nbsp;<br>\n          <br>Il y aussi des instruments de musique dans les\nlocaux et elles peuvent jouer de la musique ou chanter si elles le souhaitent,\net l'\u00e9quipe les encourage \u00e0 le faire.&nbsp;<br>\n          <br>Certaines\nfemmes reviennent vers nous de leur propre volont\u00e9, pour papoter, se reposer ou\nmanger un repas chaud. Les femmes sont Juives, Arabes, de l'ex-Union Sovi\u00e9tique (Moldavie, Ukraine, Bi\u00e9lorussie et\nautres) ; et m\u00eame d'Europe et d'Extr\u00eame-Orient. La plupart d'entre elles sont\naccros \u00e0 la drogue et toutes sont dans la\nprostitution. Des transgenres et des homosexuels viennent aussi au centre et re\u00e7oivent\nun traitement.<br>\n          <br><b>Les traitements fournissent une opportunit\u00e9\nde les \u00e9couter, de les conseiller, de refl\u00e9ter l'amour de Dieu et de les servir. Nous essayons de les aider de toutes\nles fa\u00e7ons possibles.<\/b>&nbsp;<br>\n          <br>Le but principal du centre d'onglerie du Tapis\nRouge est d'envoyer les femmes dans des centres de r\u00e9habilitation localis\u00e9s\ndans diff\u00e9rentes parties du pays et de les voir sortir de leur situation, qu\u2019elles soient\ntransform\u00e9es et exp\u00e9rimentent une v\u00e9ritable perc\u00e9e. Les femmes re\u00e7oivent, de la\npart de notre staff, des conseils, de l'\u00e9coute, des encouragements, des soins\net de l'amour. Dans le centre, des relations profondes et personnelles se\nforment avec les femmes.&nbsp;<br>\n          <br>Les membres du staff parlent avec les femmes en\nprofondeur et \u00e9coutent leurs histoires personnelles, r\u00e9v\u00e9lant durant ce processus les\nraisons qui les ont conduites \u00e0 en arriver o\u00f9\nelles en sont. Elles viennent le plus souvent d'un arri\u00e8re-plan o\u00f9 elles ont\nconnu l'abus sexuel, physique et mental, la violence, le rejet, les traumatismes et acquit une m\u00e9fiance totale dans les gens. Il faut du\ntemps pour que celles-ci puissent leur confiance\ndans le <b>Tapis Rouge <\/b>et les membres du staff. Et aujourd'hui, nous pouvons dire qu'elles nous\nfont confiance et se sentent \u00e0 la maison quand elles viennent dans notre\ncentre.&nbsp;<br>\n          <br>&gt;&gt; LISEZ LES T\u00c9MOIGNAGES DE FEMMES QUI\nSONT SORTIES DE CE CERCLE VICIEUX.\n        <\/p>\n      <\/div>\n    <\/section>\n    \n    \n    \n    \n  \n","protected":false},"excerpt":{"rendered":"<p>Le centre d&#8217;onglerie du Tapis Rouge La vision pour \u201cLe centre d&#8217;onglerie du Tapis Rouge&#8221;&nbsp;a commenc\u00e9 quand nous avons rencontr\u00e9 Nadia.&nbsp; Nadia \u00e9tait assise sur le sable et, de toute \u00e9vidence, elle vivait dans la rue depuis un bon moment. Le sol \u00e9tait sale et pr\u00e8s d&#8217;elle, d&#8217;autres filles \u00e9taient assises, s&#8217;injectant de l&#8217;h\u00e9ro\u00efne. Nadia &hellip; <a href=\"https:\/\/abundantlife.ch\/fr\/index.php\/centre-tapis-rouge\/\" class=\"more-link\">Continue reading<span class=\"screen-reader-text\"> &#8220;Centre Tapis Rouge&#8221;<\/span><\/a><\/p>\n","protected":false},"author":1,"featured_media":0,"parent":0,"menu_order":8,"comment_status":"closed","ping_status":"closed","template":"","meta":{"om_disable_all_campaigns":false,"_monsterinsights_skip_tracking":false,"_monsterinsights_sitenote_active":false,"_monsterinsights_sitenote_note":"","_monsterinsights_sitenote_category":0},"_links":{"self":[{"href":"https:\/\/abundantlife.ch\/fr\/index.php\/wp-json\/wp\/v2\/pages\/135"}],"collection":[{"href":"https:\/\/abundantlife.ch\/fr\/index.php\/wp-json\/wp\/v2\/pages"}],"about":[{"href":"https:\/\/abundantlife.ch\/fr\/index.php\/wp-json\/wp\/v2\/types\/page"}],"author":[{"embeddable":true,"href":"https:\/\/abundantlife.ch\/fr\/index.php\/wp-json\/wp\/v2\/users\/1"}],"replies":[{"embeddable":true,"href":"https:\/\/abundantlife.ch\/fr\/index.php\/wp-json\/wp\/v2\/comments?post=135"}],"version-history":[{"count":1,"href":"https:\/\/abundantlife.ch\/fr\/index.php\/wp-json\/wp\/v2\/pages\/135\/revisions"}],"predecessor-version":[{"id":173,"href":"https:\/\/abundantlife.ch\/fr\/index.php\/wp-json\/wp\/v2\/pages\/135\/revisions\/173"}],"wp:attachment":[{"href":"https:\/\/abundantlife.ch\/fr\/index.php\/wp-json\/wp\/v2\/media?parent=135"}],"curies":[{"name":"wp","href":"https:\/\/api.w.org\/{rel}","templated":true}]}}