{"id":138,"date":"2021-04-12T19:51:27","date_gmt":"2021-04-12T19:51:27","guid":{"rendered":"http:\/\/abundantlife.ch\/fr\/index.php\/article-esclavage\/"},"modified":"2021-04-12T19:51:56","modified_gmt":"2021-04-12T19:51:56","slug":"article-esclavage","status":"publish","type":"page","link":"https:\/\/abundantlife.ch\/fr\/index.php\/article-esclavage\/","title":{"rendered":"Article (Esclavage)"},"content":{"rendered":"\n  \n    <section class=\"u-clearfix u-section-1\" id=\"sec-7640\">\n      <div class=\"u-clearfix u-sheet u-sheet-1\">\n        <h1 class=\"u-text u-text-default u-text-1\">Articles<\/h1>\n        <h3 class=\"u-text u-text-2\">Un jour au centre d'onglerie du Tapis Rouge<\/h3>\n        <p class=\"u-text u-text-3\">Un article \u00e9crit par une femme appel\u00e9e Ursula,\nqui est venue visiter le Centre d'onglerie du Tapis\nRouge.&nbsp;<br><b>\u201c...Il rassemble les exil\u00e9s d'Isra\u00ebl ;\nIl gu\u00e9rit ceux qui ont le c\u0153ur bris\u00e9, et Il panse\nleurs blessures...\u201c Psaume 147:2-3<\/b>\n        <\/p>\n        <a href=\"http:\/\/abundantlife.ch\/fr\/index.php\/centre-donglerie-tapis-rouge\/\" class=\"u-border-radius-38 u-btn u-btn-round u-button-style u-btn-1\">Lire la suite...<\/a>\n        <h3 class=\"u-text u-text-default u-text-4\">Choix ou victimisation ?<\/h3>\n        <p class=\"u-text u-text-5\">Ceci est l'histoire d'Anya, une victime de la\ntraite humaine, venue d'Ukraine...<\/p>\n        <a href=\"http:\/\/abundantlife.ch\/fr\/index.php\/choix-ou-victimisation\/\" class=\"u-border-radius-38 u-btn u-btn-round u-button-style u-btn-2\">Lire la suite...<\/a>\n        <h3 class=\"u-text u-text-default u-text-6\">Le tapis rouge<\/h3>\n        <p class=\"u-text u-text-7\">De courts acticles \u00e9crits par des b\u00e9n\u00e9voles du Tapis rouge<\/p>\n        <a href=\"http:\/\/abundantlife.ch\/fr\/index.php\/le-tapis-rougearticleesclav\/\" class=\"u-border-radius-38 u-btn u-btn-round u-button-style u-btn-3\">Lire la suite...<\/a>\n        <h3 class=\"u-text u-text-8\">La v\u00e9rit\u00e9 sur la prostitution en Isra\u00ebl<br>\n        <\/h3>\n        <a href=\"http:\/\/abundantlife.ch\/fr\/index.php\/la-verite-prostitution-israel\/\" class=\"u-border-radius-38 u-btn u-btn-round u-button-style u-btn-4\">Lire la suite...<\/a>\n      <\/div>\n    <\/section>\n    \n    \n    \n    \n  \n","protected":false},"excerpt":{"rendered":"<p>Articles Un jour au centre d&#8217;onglerie du Tapis Rouge Un article \u00e9crit par une femme appel\u00e9e Ursula, qui est venue visiter le Centre d&#8217;onglerie du Tapis Rouge.&nbsp;\u201c&#8230;Il rassemble les exil\u00e9s d&#8217;Isra\u00ebl ; Il gu\u00e9rit ceux qui ont le c\u0153ur bris\u00e9, et Il panse leurs blessures&#8230;\u201c Psaume 147:2-3 Lire la suite&#8230; Choix ou victimisation ? Ceci &hellip; <a href=\"https:\/\/abundantlife.ch\/fr\/index.php\/article-esclavage\/\" class=\"more-link\">Continue reading<span class=\"screen-reader-text\"> &#8220;Article (Esclavage)&#8221;<\/span><\/a><\/p>\n","protected":false},"author":1,"featured_media":0,"parent":0,"menu_order":11,"comment_status":"closed","ping_status":"closed","template":"","meta":{"om_disable_all_campaigns":false,"_monsterinsights_skip_tracking":false,"_monsterinsights_sitenote_active":false,"_monsterinsights_sitenote_note":"","_monsterinsights_sitenote_category":0},"_links":{"self":[{"href":"https:\/\/abundantlife.ch\/fr\/index.php\/wp-json\/wp\/v2\/pages\/138"}],"collection":[{"href":"https:\/\/abundantlife.ch\/fr\/index.php\/wp-json\/wp\/v2\/pages"}],"about":[{"href":"https:\/\/abundantlife.ch\/fr\/index.php\/wp-json\/wp\/v2\/types\/page"}],"author":[{"embeddable":true,"href":"https:\/\/abundantlife.ch\/fr\/index.php\/wp-json\/wp\/v2\/users\/1"}],"replies":[{"embeddable":true,"href":"https:\/\/abundantlife.ch\/fr\/index.php\/wp-json\/wp\/v2\/comments?post=138"}],"version-history":[{"count":1,"href":"https:\/\/abundantlife.ch\/fr\/index.php\/wp-json\/wp\/v2\/pages\/138\/revisions"}],"predecessor-version":[{"id":176,"href":"https:\/\/abundantlife.ch\/fr\/index.php\/wp-json\/wp\/v2\/pages\/138\/revisions\/176"}],"wp:attachment":[{"href":"https:\/\/abundantlife.ch\/fr\/index.php\/wp-json\/wp\/v2\/media?parent=138"}],"curies":[{"name":"wp","href":"https:\/\/api.w.org\/{rel}","templated":true}]}}