{"id":143,"date":"2021-04-12T19:51:32","date_gmt":"2021-04-12T19:51:32","guid":{"rendered":"http:\/\/abundantlife.ch\/fr\/index.php\/centre-donglerie-tapis-rouge\/"},"modified":"2021-04-12T19:51:56","modified_gmt":"2021-04-12T19:51:56","slug":"centre-donglerie-tapis-rouge","status":"publish","type":"page","link":"https:\/\/abundantlife.ch\/fr\/index.php\/centre-donglerie-tapis-rouge\/","title":{"rendered":"centre donglerie Tapis Rouge"},"content":{"rendered":"\n  \n    <section class=\"u-clearfix u-section-1\" id=\"sec-5a8d\">\n      <div class=\"u-clearfix u-sheet u-sheet-1\">\n        <h1 class=\"u-text u-text-default u-text-1\">Le centre d'onglerie du Tapis Rouge<\/h1>\n        <img src=\"http:\/\/abundantlife.ch\/fr\/wp-content\/uploads\/2021\/04\/orsula8_2_17-1.png\" alt=\"\" class=\"u-image u-image-default u-image-1\" data-image-width=\"2303\" data-image-height=\"2500\">\n        <h3 class=\"u-text u-text-2\">Le centre d'onglerie du Tapis Rouge<\/h3>\n        <p class=\"u-align-justify u-text u-text-default u-text-3\"><b>\u201c...Il rassemble les exil\u00e9s d'Isra\u00ebl;\nIl gu\u00e9rit ceux qui ont le coeur bris\u00e9, et il panse leurs blessures...\u201c Psaume\n147:2-3<\/b>&nbsp; &nbsp;&nbsp;<br>\n          <br><u><b>Le centre d'onglerie du tapis rouge&nbsp;<\/b><\/u>\n          <br>\n          <br>Le centre du tapis rouge \u00e0 Tel-Aviv est un\nminist\u00e8re aupr\u00e8s des femmes qui vivent dans la prostitution, dans la drogue et\ndans la ruine en ce qui concerne leurs circonstances.<br>\n          <br><u><b>Une intercessrice raconte sa visite<\/b><\/u>\n          <br>\n          <br>Le quartier que je traverse en demandant mon\nchemin vers le Centre est tr\u00e8s diff\u00e9rent des brillantes vitrines des\nsupermarch\u00e9s modernes. \u00c0 cette heure de la matin\u00e9e, il n'y a pas beaucoup de\nmonde alentour, sauf quelques personnes assises oisivement devant des bars. Il\nn'y a pas de pancarte, ni d'inscription sur la porte, mais les femmes trouvent\nleur chemin malgr\u00e9 tout.&nbsp;<br>\n          <br>Assis devant l'entr\u00e9e se trouve un homme assez\njeune, qui m'assure que je suis au bon endroit. Il garde l'entr\u00e9e afin qu'aucun\nhomme ne puisse entrer. Les escaliers conduisent au sous-sol et non vers le\nhaut comme je m'y serais attendue. Dans un long corridor, je me fraie un chemin\nvers une salle toute en longueur, bien arrang\u00e9e, o\u00f9 je suis accueillie\nchaleureusement. Il y a quelques femmes ici qui, de toute \u00e9vidence, ne vivent\npas du meilleur c\u00f4t\u00e9 de la vie. L'une d'elles mange, assise \u00e0 une table; une\nautre est couch\u00e9e sur le canap\u00e9, rattrapant son sommeil en retard pendant toute\nla dur\u00e9e de sa pr\u00e9sence ici. En fait, elle avait promis d'aller en\nr\u00e9habilitation aujourd'hui. Toutefois, elle n'a pas pu trouver le courage de le\nfaire. \u00c0 l'heure de la fermeture, elle retourne \u00e0 son ancienne vie, en tra\u00eenant\nles pieds. Une autre femme est en train de se choisir des habits propres sur la\nbarre \u00e0 v\u00eatements. Dans un coin \u00e0 l'arri\u00e8re est suspendue une petite \u00e9tag\u00e8re\navec diff\u00e9rentes sortes de bouteilles de vernis \u00e0 ongle et, \u00e0 c\u00f4t\u00e9 d'elle, se\ntrouve une table de massage. Vis-\u00e0-vis se trouve une cuisine avec des\nr\u00e9cipients contenant des repas cuisin\u00e9s \u00e0 l'emporter, offerts par un h\u00f4tel de\nTel-Aviv.&nbsp;<br>\n          <br>Anat Brenner m'invite \u00e0 m'asseoir sur le canap\u00e9\npour l'\u00e9couter. Une des femmes dans la pi\u00e8ce a la bont\u00e9 de me servir une tasse\nde th\u00e9! Anat me raconte les dures destin\u00e9es de ces femmes, qui vivent dans la\nprostitution, dans la drogue ou juste dans des circonstances extr\u00eamement\ndifficiles. Il est compliqu\u00e9 de mettre des mots sur les choses qui se passent\nl\u00e0-bas.&nbsp;<br>\n          <br>\u00c0 cet instant, la porte s'ouvre et, d'un pas\nchancelant, s'agripant \u00e0 la rampe, une femme descend les escaliers et\ns'effondre dans une chaise pr\u00e9par\u00e9e pour elle. Ses sacs tombent sur le sol \u00e0\nc\u00f4t\u00e9. J'ai peur qu'elle ne s'\u00e9vanouisse. Elle fait tellement piti\u00e9 \u00e0 voir: il\nlui manque des dents, son corps est meurtri et elle a des cicatrices partout.\nElle g\u00e9mit et je vois son \u00e2me pleurer. Une b\u00e9n\u00e9vole est d\u00e9j\u00e0 debout \u00e0 ses\nc\u00f4t\u00e9s, lui tenant la main. Bien que les deux ne parlent pas la m\u00eame langue,\nquelque chose de merveilleux se produit. La b\u00e9n\u00e9vole commence \u00e0 prier. Elle\nappelle ses coll\u00e8gues en renfort et moi avec. Ensemble, par la pri\u00e8re, nous\namenons cette pauvre \u00e2me dans la pr\u00e9sence de Dieu. Une transformation prend\nplace directement sous nos yeux. La femme commence \u00e0 respirer plus librement et\nson visage et sa mani\u00e8re de se tenir reviennent \u00e0 la vie. Comme si c'\u00e9tait une\npersonne diff\u00e9rente, elle se l\u00e8ve et se rend vers la douche. Elle re\u00e7oit une\npile de serviettes, du savon, du shampoing et dispara\u00eet dans la cabine de\ndouche pour un bon moment. Parmi les v\u00eatements suspendus \u00e0 la barre, elle\nchoisit quelques habits propres et r\u00e9appara\u00eet virtuellement comme une nouvelle\nfemme. Pour finir, sans aucune aide, elle remonte les escaliers pour retourner\n\u00e0 sa routine qui ne lui offre rien de bon. R\u00e9cemment, elle a \u00e9t\u00e9 hospitalis\u00e9e\npour des probl\u00e8mes veineux (gr\u00e2ce \u00e0 l'aide et \u00e0 l'assistance du Centre). Prions\nqu'un jour elle puisse saisir la main tendue de son P\u00e8re c\u00e9leste.&nbsp;<br>\n          <br>Ensuite, un certain nombre de femmes arrivent.\nElles partagent leurs nouvelles, prennent une douche, mangent ou boivent quelque\nchose, b\u00e9n\u00e9ficient d'une manucure ou d'un massage et, pendant tout ce temps,\nre\u00e7oivent l'amour compatissant de Dieu. Ce minist\u00e8re serait impossible sans la\ncertitude de l'amour du Cr\u00e9ateur pour ces femmes pauvres, affaiblies et\nvuln\u00e9rables. Le d\u00e9sir br\u00fble en nous, d'avoir un endroit plus grand pour les\naccueillir (la bonne place au bon endroit), avec des pi\u00e8ces plus spacieuses.<br>\n          <br>Dans le m\u00eame souffle, Anat me donne le nom de\nplusieurs femmes pour lesquelles elle demande la pri\u00e8re. Celles qui sont dans\nun centre de r\u00e9habilitation et celles qui sont encore dans les rues.&nbsp;<br>\n          <br>UL\n        <\/p>\n      <\/div>\n    <\/section>\n    \n    \n    \n    \n  \n","protected":false},"excerpt":{"rendered":"<p>Le centre d&#8217;onglerie du Tapis Rouge Le centre d&#8217;onglerie du Tapis Rouge \u201c&#8230;Il rassemble les exil\u00e9s d&#8217;Isra\u00ebl; Il gu\u00e9rit ceux qui ont le coeur bris\u00e9, et il panse leurs blessures&#8230;\u201c Psaume 147:2-3&nbsp; &nbsp;&nbsp; Le centre d&#8217;onglerie du tapis rouge&nbsp; Le centre du tapis rouge \u00e0 Tel-Aviv est un minist\u00e8re aupr\u00e8s des femmes qui vivent dans &hellip; <a href=\"https:\/\/abundantlife.ch\/fr\/index.php\/centre-donglerie-tapis-rouge\/\" class=\"more-link\">Continue reading<span class=\"screen-reader-text\"> &#8220;centre donglerie Tapis Rouge&#8221;<\/span><\/a><\/p>\n","protected":false},"author":1,"featured_media":0,"parent":0,"menu_order":16,"comment_status":"closed","ping_status":"closed","template":"","meta":{"om_disable_all_campaigns":false,"_monsterinsights_skip_tracking":false,"_monsterinsights_sitenote_active":false,"_monsterinsights_sitenote_note":"","_monsterinsights_sitenote_category":0},"_links":{"self":[{"href":"https:\/\/abundantlife.ch\/fr\/index.php\/wp-json\/wp\/v2\/pages\/143"}],"collection":[{"href":"https:\/\/abundantlife.ch\/fr\/index.php\/wp-json\/wp\/v2\/pages"}],"about":[{"href":"https:\/\/abundantlife.ch\/fr\/index.php\/wp-json\/wp\/v2\/types\/page"}],"author":[{"embeddable":true,"href":"https:\/\/abundantlife.ch\/fr\/index.php\/wp-json\/wp\/v2\/users\/1"}],"replies":[{"embeddable":true,"href":"https:\/\/abundantlife.ch\/fr\/index.php\/wp-json\/wp\/v2\/comments?post=143"}],"version-history":[{"count":1,"href":"https:\/\/abundantlife.ch\/fr\/index.php\/wp-json\/wp\/v2\/pages\/143\/revisions"}],"predecessor-version":[{"id":181,"href":"https:\/\/abundantlife.ch\/fr\/index.php\/wp-json\/wp\/v2\/pages\/143\/revisions\/181"}],"wp:attachment":[{"href":"https:\/\/abundantlife.ch\/fr\/index.php\/wp-json\/wp\/v2\/media?parent=143"}],"curies":[{"name":"wp","href":"https:\/\/api.w.org\/{rel}","templated":true}]}}