{"id":146,"date":"2021-04-12T19:51:35","date_gmt":"2021-04-12T19:51:35","guid":{"rendered":"http:\/\/abundantlife.ch\/fr\/index.php\/article-pro-life\/"},"modified":"2021-04-12T19:51:56","modified_gmt":"2021-04-12T19:51:56","slug":"article-pro-life","status":"publish","type":"page","link":"https:\/\/abundantlife.ch\/fr\/index.php\/article-pro-life\/","title":{"rendered":"Article (Pro-life)"},"content":{"rendered":"\n  \n    <section class=\"u-clearfix u-section-1\" id=\"sec-462b\">\n      <div class=\"u-clearfix u-sheet u-sheet-1\">\n        <h1 class=\"u-text u-text-1\">Articles<\/h1>\n        <img src=\"http:\/\/abundantlife.ch\/fr\/wp-content\/uploads\/2021\/04\/chooselive15_1_17a-1.jpg\" alt=\"\" class=\"u-image u-image-default u-image-1\" data-image-width=\"4267\" data-image-height=\"3751\">\n        <p class=\"u-text u-text-default u-text-2\">J'ai plac\u00e9 devant toi la vie... et la mort... (Deut\u00e9ronome 30:15-19)<\/p>\n        <p class=\"u-align-justify u-text u-text-default u-text-3\">La majorit\u00e9 des m\u00e9decins pr\u00eatent le serment\nd'Hippocrate au d\u00e9but de leur carri\u00e8re\nprofessionnelle. C'est une coutume de le professer\/d\u00e9clarer au moment o\u00f9 ils\nre\u00e7oivent leur dipl\u00f4me de l'\u00e9cole de m\u00e9decine. En voici un extrait :<br>\u201cJe ne remettrai \u00e0 personne du\npoison, si on m'en demande, ni ne prendrai l'initiative d'une pareille suggestion. De m\u00eame, je ne remettrai \u00e0 aucune femme\nenceinte un m\u00e9dicament visant \u00e0\nd\u00e9truire l'enfant.\u201d<br>Dans le serment des m\u00e9decins Juifs (ou\nH\u00e9breux), il est \u00e9galement dit : \u201cet vous ferez tout ce qui est en votre\npouvoir pour pr\u00e9server la vie humaine d\u00e8s le sein de sa m\u00e8re et son bien-\u00eatre\ndoit \u00eatre votre premi\u00e8re priorit\u00e9 en tout temps.\u201d<br>En pr\u00eatant le serment d'Hippocrate ou le serment\ndes m\u00e9decins Juifs, un m\u00e9decin s'engage \u00e0 essayer de sauver des vies, et non de causer du tort aux patients ; \u00e0 agir d'une\nmani\u00e8re pure et \u00e9thique et \u00e0 garder le secret m\u00e9dical. Entre l'\u00e9criture du serment\nd'Hippocrate vers 4 av. J\u00e9sus-Christ et l'\u00e9criture du serment des m\u00e9decins\nJuifs par le professeur Lifman Hailperin en 1952 (le fondateur de l'aile de\nneurologie \u00e0 l'h\u00f4pital Hadassa), les sch\u00e9mas de pens\u00e9e et les visions du monde ont\nchang\u00e9. De nouvelles lois ont \u00e9t\u00e9 \u00e9dict\u00e9es et, en Isra\u00ebl, une nouvelle loi a\npass\u00e9 en 1977, qui permet de pratiquer des avortements.<br>\n          <br>\n          <br>Jusqu'\u00e0 la publication du d\u00e9partement de la\nsant\u00e9 et des m\u00e9dicaments en 2014, les crit\u00e8res pour approuver un avortement \u00e9taient\n:<br>\n          <br><!--[endif]-->- la femme a moins de 18 ans<br>\n          <br><!--[endif]-->- la\nfemme a plus de 40 ans<br>\n          <br><!--[endif]-->- une\nfemme non mari\u00e9e est tomb\u00e9e enceinte en dehors d'une relation maritale<br>\n          <br><!--[endif]-->- une\nfemme mari\u00e9e est tomb\u00e9e enceinte d'un homme qui\nn'est pas son mari<br>\n          <br>- en\ncas de danger que le f\u0153tus souffre d'une d\u00e9ficience, d'une maladie ou d'un\nhandicap<br>\n          <br>- si\nla grossesse est le r\u00e9sultat d'un acte criminel (viol ou inceste)<br>\n          <br><!--[endif]-->- si\nla grossesse risque de mettre en p\u00e9ril la sant\u00e9\nphysique ou mentale de la femme<br>\n          <br>En plus de tous les crit\u00e8res ci-dessus, le 30\nd\u00e9cembre 2013, le d\u00e9partement de la sant\u00e9 et des m\u00e9dicaments a publi\u00e9 sa\nd\u00e9cision d'approuver le financement d'avortements pour\nles femmes de 20 \u00e0 33 ans, sans aucune raison m\u00e9dicale.&nbsp;<br>\n          <br>Une question se pose : qu'est-ce qui justifie le financement\nd'avortements par le d\u00e9partement de la sant\u00e9 et des m\u00e9dicaments ? La grossesse\nest-elle une maladie ? Les moyens de sauver des\nvies ou de prolonger des vies ne devraient-ils pas \u00eatre au sommet des priorit\u00e9s ? Gu\u00e9rir les\nmaladies qui peuvent causer beaucoup de souffrances et pr\u00e9venir les maladies qui\npeuvent causer la mort \u2013 ne sont-ce pas l\u00e0 les\nbuts du d\u00e9partement de la sant\u00e9 et des m\u00e9dicaments ? Est-ce que ce ne sont pas\nles raisons pour lesquelles les m\u00e9decins pr\u00eatent\nserment au d\u00e9but de leur carri\u00e8re m\u00e9dicale ? Ces lois qui ont \u00e9t\u00e9 pass\u00e9es par\nle gouvernement isra\u00e9lien sont des lois qui entendent emp\u00eacher la vie. <br>Elles\nsont en opposition directe avec les lois de Dieu, le Cr\u00e9ateur de la vie, qui\nnous a cr\u00e9\u00e9s \u00e0 Son image (Gen\u00e8se 1:26-27), qui a cr\u00e9\u00e9 nos reins et nos organes\ninternes, qui nous a tiss\u00e9s dans le sein maternel et qui connaissait la dur\u00e9e\nde notre vie au jour pr\u00e8s , m\u00eame avant que nous\nn'ayons v\u00e9cu une seule journ\u00e9e sur cette terre (Psaume 139:13-16).<br>Il est int\u00e9ressant de voir, dans l'\u00e9vangile de\nLuc, que le mot grec BRAFOS fait r\u00e9f\u00e9rence \u00e0 un f\u0153tus (Luc 1:41), \u00e0 un b\u00e9b\u00e9 qui\nest n\u00e9 (Luc 2:12) et \u00e0 un enfant (Luc 18:15). Le fait que le m\u00eame mot soit\nutilis\u00e9 pour les trois \u00e2ges diff\u00e9rents \u00e9claire pour nous le fait qu'il n'y a\npas de diff\u00e9rence entre un petit f\u0153tus dans le sein de sa m\u00e8re et un b\u00e9b\u00e9 qui\nest n\u00e9 ou un petit enfant. Il n'y a pas de diff\u00e9rence dans la valeur d'une vie,\nqu'elle soit \u00e0 l'int\u00e9rieur ou \u00e0 l'ext\u00e9rieur du ventre de sa m\u00e8re. La vie est\ntoujours sacr\u00e9e.&nbsp;<br>\n          <br>L'\u00e9criture nous montre comment des hommes de Dieu\n\u00e9taient appel\u00e9s d\u00e8s le sein de leur m\u00e8re : J\u00e9sus-Christ, Jean-le-Baptiste,\nJ\u00e9r\u00e9mie, Samson, Samuel... En Juges, chapitre 2, apr\u00e8s que Josu\u00e9 et les anciens\nsoient d\u00e9c\u00e9d\u00e9s, une nouvelle g\u00e9n\u00e9ration s'est lev\u00e9e, qui a choisi d'adorer Baal et Astart\u00e9. Le rituel incluait le sacrifice de\nnouveau-n\u00e9s. J\u00e9r\u00e9mie 19:5 : \u201cIls ont b\u00e2ti des\nhauts lieux \u00e0 Baal, Pour br\u00fbler leurs enfants au feu en holocaustes \u00e0 Baal : Ce\nque je n'avais ni ordonn\u00e9 ni prescrit, Ce qui ne m'\u00e9tait point venu \u00e0 la\npens\u00e9e.\u201d&nbsp;<br>\n          <br>Psaume 106:38 : Ils r\u00e9pandirent le sang\ninnocent, le sang de leurs fils et de leurs filles, qu'ils sacrifi\u00e8rent aux\nidoles de Canaan, et le pays fut profan\u00e9 par des meurtres. Avorter, c'est\nverser le sang innocent. Ce que les Isra\u00e9lites ont fait \u00e0 leurs nouveau-n\u00e9s dans les temps bibliques, c'est ce que\nnous faisons aujourd'hui \u00e0 nos enfants dans le sein maternel. Chaque h\u00f4pital en\nIsra\u00ebl pratique l'avortement. Un b\u00e9b\u00e9 dans le sein maternel n'est pas consid\u00e9r\u00e9\ncomme un \u00eatre humain pendant toute la dur\u00e9e de la grossesse. Cela signifie que,\nselon la loi, un avortement peut avoir lieu jusqu'au dernier moment avant la\nnaissance.&nbsp;<br>\n          <br>Dieu a cr\u00e9\u00e9 la femme avec la capacit\u00e9 de tomber\nenceinte, la capacit\u00e9 de porter la vie en elle, de laisser un b\u00e9b\u00e9 grandir dans\nson sein, de lui donner naissance, d'\u00e9lever des enfants et de les aimer. Tout\nceci fait partie de l'existence et de l'essence de la femme. La maternit\u00e9 et le\ntissage d'un lien avec un b\u00e9b\u00e9 sont inn\u00e9s et ins\u00e9parables. Quand l'ordre de la\ncr\u00e9ation se brise et que le plan parfait de Dieu est d\u00e9truit, il y a un traumatisme. C'est l'interruption de la chose\nla plus merveilleuse et la plus naturelle qui puisse se produire. Par\ncons\u00e9quent, les femmes exp\u00e9rimenteront les m\u00eames sympt\u00f4mes\nque les personnes qui traversent des traumatismes majeurs (Syndrome de stress\npost traumatique), tels que des accidents de voiture, s\u00e9ismes, etc.&nbsp;<br>\n          <br>Quand j'ai eu 19 ans, j'ai eu un avortement. Je\nne savais pas, \u00e0 l'\u00e9poque, que certaines des cons\u00e9quences psychiques de\nl'avortement sont la d\u00e9pression, la culpabilit\u00e9, l'auto-destruction, une\nmauvaise estime de soi, des pens\u00e9es suicidaires, de la honte, des regrets et de\nla col\u00e8re. En particulier envers toutes les personnes impliqu\u00e9es : le petit-ami, la famille et m\u00eame d'autres\nfacteurs qui sont reli\u00e9s d'une mani\u00e8re ou d'une autre.\nLes ann\u00e9es passant, j'ai r\u00e9alis\u00e9 que l'avortement comporte aussi des\ncons\u00e9quences physiques complexes telles qu'une\nouverture dans la matrice, des saignements et des infections. Ces cons\u00e9quences\nconstituent un risque de st\u00e9rilit\u00e9 \u00e0 vie de 6% \u00e0 10%, un haut pourcentage de\nrisque de fausses-couches, un risque de cancer du sein et d'une faiblesse du\ncol de l'ut\u00e9rus qui provoque une expulsion du f\u0153tus\n\u00e0 un stade avanc\u00e9 de la grossesse.&nbsp;<br>\n          <br>Des g\u00e9n\u00e9rations enti\u00e8res de femmes en Isra\u00ebl et\ndans le reste du monde souffrent des cons\u00e9quences des avortements qu'elles ont\neus. Merci \u00e0 Dieu pour son pardon et sa mis\u00e9ricorde, pour sa volont\u00e9 \u00e0\npardonner, gu\u00e9rir et d\u00e9lier chaque femme en souffrance.&nbsp;<br><b>\n            <br>Qu'est-ce que cela signifie pour\nnous ?<\/b>&nbsp;<br>\n          <br>En Proverbes 24:11-12, il est dit: \u201cD\u00e9livre\nceux qu'on tra\u00eene \u00e0 la mort\u201d. Le mot \u201cd\u00e9livre\u201d est un ordre et il met chacun\nd'entre nous au d\u00e9fi d'entreprendre de sauver des vies.&nbsp;<br>\n          <br>Ruben a refus\u00e9 de coop\u00e9rer avec ses fr\u00e8res pour\nverser le sang innocent de Joseph, le jeter dans une citerne et, par-dessus\ntout, mentir et dire qu'une b\u00eate sauvage l'avait mang\u00e9. C'est ainsi que la vie\nde Joseph a \u00e9t\u00e9 sauv\u00e9e (Gen\u00e8se 37:21-22).&nbsp;<br>\n          <br>Les sages-femmes des H\u00e9breux\navaient re\u00e7u l'ordre de tuer tous les enfants m\u00e2les n\u00e9s des femmes des H\u00e9breux en Egypte, mais elles ont bris\u00e9 la loi de\nl'impitoyable roi \u00e9gyptien et laiss\u00e9 vivre les gar\u00e7ons (Exode 1:15-19). Il est\ndit ensuite : \u201cDieu fit du bien aux sages-femmes ; et le peuple multiplia et\ndevint tr\u00e8s nombreux. Parce que les sages-femmes avaient eu la crainte de Dieu,\nDieu fit prosp\u00e9rer leurs maisons\u201d (Exode 1:20-21).&nbsp;<br><b>\n            <br>L'histoire d'une vie sauv\u00e9e au\nsein de l'organisation La vie abondante :&nbsp;<br><\/b>\n          <br>Liat (nom d'emprunt) \u00e9tait en route pour faire\nune radiographie \u00e0 Tel-Aviv. En chemin, elle a \u00e9t\u00e9 arr\u00eat\u00e9e par la police pour\nune infraction au code de la route qu'elle n'avait pas commise. Au moment o\u00f9 elle\na \u00e9t\u00e9 rel\u00e2ch\u00e9e par les autorit\u00e9s, une demi-heure\nplus tard, le service de radiologie \u00e9tait ferm\u00e9. Liat a d\u00e9cid\u00e9 d'aller marcher\net elle a re\u00e7u un d\u00e9pliant sur l'avortement, de la part de l'une de nos\nb\u00e9n\u00e9voles. Elle ne savait pas qu'elle \u00e9tait enceinte, mais elle a gard\u00e9 le\nd\u00e9pliant. Une semaine plus tard, Liat a d\u00e9couvert qu'elle \u00e9tait enceinte et a\nappel\u00e9 la ligne t\u00e9l\u00e9phonique d'urgence de Chaim Beshefa. Elle a re\u00e7u des conseils\npar t\u00e9l\u00e9phone et finalement, malgr\u00e9 une pression \u00e9norme de la part de son petit-ami\net de sa famille, elle a d\u00e9cid\u00e9 de ne pas avorter son b\u00e9b\u00e9. Liat t\u00e9moigne que\nle fait d'avoir \u00e9t\u00e9 arr\u00eat\u00e9e par la police \u00e9tait une intervention divine pour\nl'emp\u00eacher de faire une radiographie qui aurait pu nuire au b\u00e9b\u00e9. Elle n'a\njamais re\u00e7u d'amende pour avoir conduit ce jour-l\u00e0. Le fait qu'elle ait re\u00e7u le\nd\u00e9pliant le m\u00eame jour symbolise aussi pour elle l'importance de la vie de son\nb\u00e9b\u00e9. Aujourd'hui, apr\u00e8s avoir mis son b\u00e9b\u00e9 au monde, il n'y a pas plus heureux\nqu'elle. Elle a donn\u00e9 naissance \u00e0 une merveilleuse petite fille pr\u00e9nomm\u00e9e Gali\net elle l'\u00e9l\u00e8ve seule.<b><\/b>\n          <br>\n          <br><b>Anat et Isha\u00ef Brenner travaillent dans\nun minist\u00e8re qui agit pour sauver des b\u00e9b\u00e9s de l'avortement depuis pr\u00e8s de 20\nans. En 2004, ils ont commenc\u00e9 l'organisation \u201cChaim Beshefa\u201d.<\/b>\n        <\/p>\n      <\/div>\n    <\/section>\n    \n    \n    \n    \n  \n","protected":false},"excerpt":{"rendered":"<p>Articles J&#8217;ai plac\u00e9 devant toi la vie&#8230; et la mort&#8230; (Deut\u00e9ronome 30:15-19) La majorit\u00e9 des m\u00e9decins pr\u00eatent le serment d&#8217;Hippocrate au d\u00e9but de leur carri\u00e8re professionnelle. C&#8217;est une coutume de le professer\/d\u00e9clarer au moment o\u00f9 ils re\u00e7oivent leur dipl\u00f4me de l&#8217;\u00e9cole de m\u00e9decine. En voici un extrait :\u201cJe ne remettrai \u00e0 personne du poison, si &hellip; <a href=\"https:\/\/abundantlife.ch\/fr\/index.php\/article-pro-life\/\" class=\"more-link\">Continue reading<span class=\"screen-reader-text\"> &#8220;Article (Pro-life)&#8221;<\/span><\/a><\/p>\n","protected":false},"author":1,"featured_media":0,"parent":0,"menu_order":19,"comment_status":"closed","ping_status":"closed","template":"","meta":{"om_disable_all_campaigns":false,"_monsterinsights_skip_tracking":false,"_monsterinsights_sitenote_active":false,"_monsterinsights_sitenote_note":"","_monsterinsights_sitenote_category":0},"_links":{"self":[{"href":"https:\/\/abundantlife.ch\/fr\/index.php\/wp-json\/wp\/v2\/pages\/146"}],"collection":[{"href":"https:\/\/abundantlife.ch\/fr\/index.php\/wp-json\/wp\/v2\/pages"}],"about":[{"href":"https:\/\/abundantlife.ch\/fr\/index.php\/wp-json\/wp\/v2\/types\/page"}],"author":[{"embeddable":true,"href":"https:\/\/abundantlife.ch\/fr\/index.php\/wp-json\/wp\/v2\/users\/1"}],"replies":[{"embeddable":true,"href":"https:\/\/abundantlife.ch\/fr\/index.php\/wp-json\/wp\/v2\/comments?post=146"}],"version-history":[{"count":1,"href":"https:\/\/abundantlife.ch\/fr\/index.php\/wp-json\/wp\/v2\/pages\/146\/revisions"}],"predecessor-version":[{"id":184,"href":"https:\/\/abundantlife.ch\/fr\/index.php\/wp-json\/wp\/v2\/pages\/146\/revisions\/184"}],"wp:attachment":[{"href":"https:\/\/abundantlife.ch\/fr\/index.php\/wp-json\/wp\/v2\/media?parent=146"}],"curies":[{"name":"wp","href":"https:\/\/api.w.org\/{rel}","templated":true}]}}