{"id":147,"date":"2021-04-12T19:51:36","date_gmt":"2021-04-12T19:51:36","guid":{"rendered":"http:\/\/abundantlife.ch\/fr\/index.php\/rehabilitation-esclavage\/"},"modified":"2021-04-12T19:51:56","modified_gmt":"2021-04-12T19:51:56","slug":"rehabilitation-esclavage","status":"publish","type":"page","link":"https:\/\/abundantlife.ch\/fr\/index.php\/rehabilitation-esclavage\/","title":{"rendered":"Rehabilitation (esclavage)"},"content":{"rendered":"\n  \n    <section class=\"u-clearfix u-section-1\" id=\"sec-8416\">\n      <div class=\"u-clearfix u-sheet u-sheet-1\">\n        <h1 class=\"u-text u-text-default u-text-1\"><b>Le centre de r\u00e9habilitation<\/b>\n          <br>\n        <\/h1>\n        <img src=\"http:\/\/abundantlife.ch\/fr\/wp-content\/uploads\/2021\/04\/rahab15_1_17-1.jpg\" alt=\"\" class=\"u-image u-image-default u-image-1\" data-image-width=\"4267\" data-image-height=\"3200\">\n        <h3 class=\"u-align-center u-text u-text-default u-text-2\"><b>Le centre de r\u00e9habilitation<\/b>\n          <br>\n        <\/h3>\n        <p class=\"u-align-justify u-text u-text-3\">Pour cr\u00e9er un pont entre le tapis rouge et les femmes que nous avons d\u00e9j\u00e0 envoy\u00e9es dans des centres de r\u00e9habilitation, nous avons d\u00e9cid\u00e9 d'amener des \u00e9quipes de b\u00e9n\u00e9voles dans ces centres et d'y organiser une \u201cjourn\u00e9e de la femme\u201d.&nbsp;<br>\n          <br>Des professionnelles viennent offrir aux femmes en r\u00e9habilitation des coupes de cheveux, des manucures, des p\u00e9dicures, des soins du visage et la possibilit\u00e9 de confectionner des bijoux cr\u00e9atifs. Nous amenons aussi de d\u00e9licieux g\u00e2teaux et interagissons beaucoup avec elles, discutant et nous r\u00e9jouissant d'\u00eatre ensemble en leur pr\u00e9sence. Jusqu'ici, nous avons eu l'opportunit\u00e9 de b\u00e9nir et de nous rendre dans un centre de r\u00e9habilitation \u00e0 Ha\u00effa, dans lequel les femmes suivent un programme de restauration d'une ann\u00e9e enti\u00e8re. Ils nous connaissent d\u00e9j\u00e0 et sont tout enthousiastes de nous recevoir.&nbsp;<br>\n          <br>C'est tellement excitant pour nous, de voir des femmes que nous avons envoy\u00e9es en r\u00e9habilitation depuis le centre d'onglerie du tapis rouge qui parviennent \u00e0 suivre le programme. Certaines l'ont m\u00eame termin\u00e9.&nbsp;<br>\n          <br>Nous sommes ouverts \u00e0 recevoir plus d'\u00e9quipes de b\u00e9n\u00e9voles qui seraient int\u00e9ress\u00e9es \u00e0 nous rejoindre dans ce projet.<br>\n          <br>Contactez-nous si vous d\u00e9sirez participer.\n        <\/p>\n      <\/div>\n    <\/section>\n    \n    \n    \n    \n  \n","protected":false},"excerpt":{"rendered":"<p>Le centre de r\u00e9habilitation Le centre de r\u00e9habilitation Pour cr\u00e9er un pont entre le tapis rouge et les femmes que nous avons d\u00e9j\u00e0 envoy\u00e9es dans des centres de r\u00e9habilitation, nous avons d\u00e9cid\u00e9 d&#8217;amener des \u00e9quipes de b\u00e9n\u00e9voles dans ces centres et d&#8217;y organiser une \u201cjourn\u00e9e de la femme\u201d.&nbsp; Des professionnelles viennent offrir aux femmes en &hellip; <a href=\"https:\/\/abundantlife.ch\/fr\/index.php\/rehabilitation-esclavage\/\" class=\"more-link\">Continue reading<span class=\"screen-reader-text\"> &#8220;Rehabilitation (esclavage)&#8221;<\/span><\/a><\/p>\n","protected":false},"author":1,"featured_media":0,"parent":0,"menu_order":20,"comment_status":"closed","ping_status":"closed","template":"","meta":{"om_disable_all_campaigns":false,"_monsterinsights_skip_tracking":false,"_monsterinsights_sitenote_active":false,"_monsterinsights_sitenote_note":"","_monsterinsights_sitenote_category":0},"_links":{"self":[{"href":"https:\/\/abundantlife.ch\/fr\/index.php\/wp-json\/wp\/v2\/pages\/147"}],"collection":[{"href":"https:\/\/abundantlife.ch\/fr\/index.php\/wp-json\/wp\/v2\/pages"}],"about":[{"href":"https:\/\/abundantlife.ch\/fr\/index.php\/wp-json\/wp\/v2\/types\/page"}],"author":[{"embeddable":true,"href":"https:\/\/abundantlife.ch\/fr\/index.php\/wp-json\/wp\/v2\/users\/1"}],"replies":[{"embeddable":true,"href":"https:\/\/abundantlife.ch\/fr\/index.php\/wp-json\/wp\/v2\/comments?post=147"}],"version-history":[{"count":1,"href":"https:\/\/abundantlife.ch\/fr\/index.php\/wp-json\/wp\/v2\/pages\/147\/revisions"}],"predecessor-version":[{"id":185,"href":"https:\/\/abundantlife.ch\/fr\/index.php\/wp-json\/wp\/v2\/pages\/147\/revisions\/185"}],"wp:attachment":[{"href":"https:\/\/abundantlife.ch\/fr\/index.php\/wp-json\/wp\/v2\/media?parent=147"}],"curies":[{"name":"wp","href":"https:\/\/api.w.org\/{rel}","templated":true}]}}