{"id":148,"date":"2021-04-12T19:51:37","date_gmt":"2021-04-12T19:51:37","guid":{"rendered":"http:\/\/abundantlife.ch\/fr\/index.php\/aide-humanitaire-pro-life\/"},"modified":"2021-04-12T19:51:56","modified_gmt":"2021-04-12T19:51:56","slug":"aide-humanitaire-pro-life","status":"publish","type":"page","link":"https:\/\/abundantlife.ch\/fr\/index.php\/aide-humanitaire-pro-life\/","title":{"rendered":"Aide humanitaire (Pro-life)"},"content":{"rendered":"\n  \n    <section class=\"u-clearfix u-section-1\" id=\"sec-bcac\">\n      <div class=\"u-clearfix u-sheet u-sheet-1\">\n        <h1 class=\"u-text u-text-default u-text-1\"><b style=\"\">Aide humanitaire<\/b>\n        <\/h1>\n        <img src=\"http:\/\/abundantlife.ch\/fr\/wp-content\/uploads\/2021\/04\/ha3-1.jpg\" alt=\"\" class=\"u-image u-image-default u-image-1\" data-image-width=\"5167\" data-image-height=\"3334\">\n        <p class=\"u-text u-text-2\">Chaque femme qui choisit la vie et n'avorte pas\nde son b\u00e9b\u00e9, si elle se trouve financi\u00e8rement dans le besoin, re\u00e7oit des\nmeubles pour b\u00e9b\u00e9 et d'autres objets pour b\u00e9b\u00e9 de la part de \"Chaim\nBeshefa\".&nbsp;<br>\n          <br>Notre relation avec les femmes commence pendant\nleur grossesse et continue apr\u00e8s la naissance, avec des visites et un suivi, en\nles aidant dans leurs diff\u00e9rents besoins.&nbsp;<br>\n          <br>Articles recherch\u00e9s, toujours \u00e0 l'\u00e9tat de neuf :\n        <\/p>\n        <ul class=\"u-text u-text-3\">\n          <li style=\"\">habits\nde b\u00e9b\u00e9 (gar\u00e7ons et filles)&nbsp;<\/li>\n          <li style=\"\">pour\nles nourrissons et jusqu'\u00e0 1 an&nbsp;<\/li>\n          <li style=\"\">sucettes\nen caoutchouc (lolettes)<\/li>\n          <li style=\"\">biberons&nbsp;<\/li>\n          <li style=\"\">grands\nsacs pour affaires de b\u00e9b\u00e9&nbsp;<\/li>\n          <li style=\"\">premiers\njouets<\/li>\n          <li style=\"\">thermom\u00e8tres<\/li>\n          <li style=\"\">liniment\n\/ cr\u00e8me contre les rougeurs des fesses<\/li>\n          <li style=\"\">couches<\/li>\n          <li style=\"\">premi\u00e8res\ncouches-culottes<\/li>\n          <li style=\"\">lingettes<\/li>\n          <li style=\"\">compresses\nd'allaitement<\/li>\n          <li style=\"\">shampoing\npour b\u00e9b\u00e9 (petite taille)<\/li>\n          <li style=\"\">poussettes<\/li>\n          <li style=\"\">berceaux<\/li>\n          <li style=\"\">lits\npour b\u00e9b\u00e9<\/li>\n          <li style=\"\">chaises\npour b\u00e9b\u00e9<\/li>\n          <li style=\"\">literie\npour b\u00e9b\u00e9<b><\/b>\n            <br>\n          <\/li>\n        <\/ul>\n      <\/div>\n    <\/section>\n    \n    \n    \n    \n  \n","protected":false},"excerpt":{"rendered":"<p>Aide humanitaire Chaque femme qui choisit la vie et n&#8217;avorte pas de son b\u00e9b\u00e9, si elle se trouve financi\u00e8rement dans le besoin, re\u00e7oit des meubles pour b\u00e9b\u00e9 et d&#8217;autres objets pour b\u00e9b\u00e9 de la part de &#8220;Chaim Beshefa&#8221;.&nbsp; Notre relation avec les femmes commence pendant leur grossesse et continue apr\u00e8s la naissance, avec des visites &hellip; <a href=\"https:\/\/abundantlife.ch\/fr\/index.php\/aide-humanitaire-pro-life\/\" class=\"more-link\">Continue reading<span class=\"screen-reader-text\"> &#8220;Aide humanitaire (Pro-life)&#8221;<\/span><\/a><\/p>\n","protected":false},"author":1,"featured_media":0,"parent":0,"menu_order":21,"comment_status":"closed","ping_status":"closed","template":"","meta":{"om_disable_all_campaigns":false,"_monsterinsights_skip_tracking":false,"_monsterinsights_sitenote_active":false,"_monsterinsights_sitenote_note":"","_monsterinsights_sitenote_category":0},"_links":{"self":[{"href":"https:\/\/abundantlife.ch\/fr\/index.php\/wp-json\/wp\/v2\/pages\/148"}],"collection":[{"href":"https:\/\/abundantlife.ch\/fr\/index.php\/wp-json\/wp\/v2\/pages"}],"about":[{"href":"https:\/\/abundantlife.ch\/fr\/index.php\/wp-json\/wp\/v2\/types\/page"}],"author":[{"embeddable":true,"href":"https:\/\/abundantlife.ch\/fr\/index.php\/wp-json\/wp\/v2\/users\/1"}],"replies":[{"embeddable":true,"href":"https:\/\/abundantlife.ch\/fr\/index.php\/wp-json\/wp\/v2\/comments?post=148"}],"version-history":[{"count":1,"href":"https:\/\/abundantlife.ch\/fr\/index.php\/wp-json\/wp\/v2\/pages\/148\/revisions"}],"predecessor-version":[{"id":186,"href":"https:\/\/abundantlife.ch\/fr\/index.php\/wp-json\/wp\/v2\/pages\/148\/revisions\/186"}],"wp:attachment":[{"href":"https:\/\/abundantlife.ch\/fr\/index.php\/wp-json\/wp\/v2\/media?parent=148"}],"curies":[{"name":"wp","href":"https:\/\/api.w.org\/{rel}","templated":true}]}}