{"id":150,"date":"2021-04-12T19:51:39","date_gmt":"2021-04-12T19:51:39","guid":{"rendered":"http:\/\/abundantlife.ch\/fr\/index.php\/poemesspa\/"},"modified":"2021-04-12T19:51:56","modified_gmt":"2021-04-12T19:51:56","slug":"poemesspa","status":"publish","type":"page","link":"https:\/\/abundantlife.ch\/fr\/index.php\/poemesspa\/","title":{"rendered":"Po\u00e8mes(SPA)"},"content":{"rendered":"\n  \n    <section class=\"u-clearfix u-section-1\" id=\"sec-1e7a\">\n      <div class=\"u-clearfix u-sheet u-sheet-1\">\n        <h1 class=\"u-text u-text-default u-text-1\">Po\u00e8mes<\/h1>\n        <p class=\"u-align-center u-text u-text-default u-text-2\">Ces po\u00e8mes ont \u00e9t\u00e9 \u00e9crits par des m\u00e8res et d'autres\nproches de la famille de b\u00e9b\u00e9s avort\u00e9s.<\/p>\n        <img src=\"http:\/\/abundantlife.ch\/fr\/wp-content\/uploads\/2021\/04\/chooselifeFR1.jpg\" alt=\"\" class=\"u-image u-image-default u-image-1\" data-image-width=\"1600\" data-image-height=\"1192\">\n        <img src=\"http:\/\/abundantlife.ch\/fr\/wp-content\/uploads\/2021\/04\/hopeFR.jpg\" alt=\"\" class=\"u-image u-image-default u-image-2\" data-image-width=\"1600\" data-image-height=\"1191\">\n        <img src=\"http:\/\/abundantlife.ch\/fr\/wp-content\/uploads\/2021\/04\/tom_and_derechFR.jpg\" alt=\"\" class=\"u-image u-image-default u-image-3\" data-image-width=\"1600\" data-image-height=\"1193\">\n      <\/div>\n    <\/section>\n    \n    \n    \n    \n  \n","protected":false},"excerpt":{"rendered":"<p>Po\u00e8mes Ces po\u00e8mes ont \u00e9t\u00e9 \u00e9crits par des m\u00e8res et d&#8217;autres proches de la famille de b\u00e9b\u00e9s avort\u00e9s.<\/p>\n","protected":false},"author":1,"featured_media":0,"parent":0,"menu_order":23,"comment_status":"closed","ping_status":"closed","template":"","meta":{"om_disable_all_campaigns":false,"_monsterinsights_skip_tracking":false,"_monsterinsights_sitenote_active":false,"_monsterinsights_sitenote_note":"","_monsterinsights_sitenote_category":0},"_links":{"self":[{"href":"https:\/\/abundantlife.ch\/fr\/index.php\/wp-json\/wp\/v2\/pages\/150"}],"collection":[{"href":"https:\/\/abundantlife.ch\/fr\/index.php\/wp-json\/wp\/v2\/pages"}],"about":[{"href":"https:\/\/abundantlife.ch\/fr\/index.php\/wp-json\/wp\/v2\/types\/page"}],"author":[{"embeddable":true,"href":"https:\/\/abundantlife.ch\/fr\/index.php\/wp-json\/wp\/v2\/users\/1"}],"replies":[{"embeddable":true,"href":"https:\/\/abundantlife.ch\/fr\/index.php\/wp-json\/wp\/v2\/comments?post=150"}],"version-history":[{"count":1,"href":"https:\/\/abundantlife.ch\/fr\/index.php\/wp-json\/wp\/v2\/pages\/150\/revisions"}],"predecessor-version":[{"id":188,"href":"https:\/\/abundantlife.ch\/fr\/index.php\/wp-json\/wp\/v2\/pages\/150\/revisions\/188"}],"wp:attachment":[{"href":"https:\/\/abundantlife.ch\/fr\/index.php\/wp-json\/wp\/v2\/media?parent=150"}],"curies":[{"name":"wp","href":"https:\/\/api.w.org\/{rel}","templated":true}]}}