{"id":156,"date":"2021-04-12T19:51:45","date_gmt":"2021-04-12T19:51:45","guid":{"rendered":"http:\/\/abundantlife.ch\/fr\/index.php\/temoignage-spa\/"},"modified":"2021-04-12T19:51:56","modified_gmt":"2021-04-12T19:51:56","slug":"temoignage-spa","status":"publish","type":"page","link":"https:\/\/abundantlife.ch\/fr\/index.php\/temoignage-spa\/","title":{"rendered":"T\u00e9moignage (SPA)"},"content":{"rendered":"\n  \n    <section class=\"u-clearfix u-section-1\" id=\"sec-08c8\">\n      <div class=\"u-clearfix u-sheet u-sheet-1\">\n        <h1 class=\"u-text u-text-1\">Articles<\/h1>\n        <img src=\"http:\/\/abundantlife.ch\/fr\/wp-content\/uploads\/2021\/04\/forgives21.jpg\" alt=\"\" class=\"u-image u-image-default u-image-1\" data-image-width=\"4267\" data-image-height=\"3200\">\n        <img src=\"http:\/\/abundantlife.ch\/fr\/wp-content\/uploads\/2021\/04\/healingFR.jpg\" alt=\"\" class=\"u-image u-image-default u-image-2\" data-image-width=\"1600\" data-image-height=\"1200\">\n        <img src=\"http:\/\/abundantlife.ch\/fr\/wp-content\/uploads\/2021\/04\/revealingFR.jpg\" alt=\"\" class=\"u-image u-image-default u-image-3\" data-image-width=\"1600\" data-image-height=\"1200\">\n        <img src=\"http:\/\/abundantlife.ch\/fr\/wp-content\/uploads\/2021\/04\/fromdarknesstojoy30_10.jpg\" alt=\"\" class=\"u-image u-image-default u-image-4\" data-image-width=\"1600\" data-image-height=\"1110\">\n        <h3 class=\"u-text u-text-default u-text-2\"><b>De la d\u00e9pression \u00e0 la joie<\/b>\n          <br>\n        <\/h3>\n        <p class=\"u-align-justify u-text u-text-3\">J'aimerais vous raconter comment je suis tomb\u00e9e enceinte et ai avort\u00e9. Quand j'ai eu 21 ans, je suis devenue tr\u00e8s d\u00e9pressive alors que des \u00e9motions surgies de mon pass\u00e9 ont r\u00e9v\u00e9l\u00e9 que j'avais subi des abus dans l'enfance. Ma vie \u00e9tait tr\u00e8s sombre et douloureuse.<br>\n          <br>\u00c0 peu pr\u00e8s \u00e0 cette \u00e9poque, j'ai rencontr\u00e9 un gars dans un festival. J'ai tr\u00e8s vite connect\u00e9 avec lui et nous avons commenc\u00e9 \u00e0 sortir ensemble. Quelques semaines plus tard, j'ai fait un test de grossesse car j'avais peur d'\u00eatre enceinte. Le test \u00e9tait positif. J'\u00e9tais vraiment choqu\u00e9e et je ne savais pas quoi faire. Quand j'en ai parl\u00e9 \u00e0 mon petit-ami, il a \u00e9t\u00e9 tr\u00e8s f\u00e2ch\u00e9 et il a juste dit que je devais avorter. Apr\u00e8s que je sois tomb\u00e9e enceinte, il a commenc\u00e9 \u00e0 me voir comme un probl\u00e8me et n'a plus voulu que nous soyons en couple, ni se tenir pr\u00e8s de moi, ce qui a \u00e9t\u00e9 tr\u00e8s p\u00e9nible car je me sentais tr\u00e8s seule dans cette situation.&nbsp;<br>\n          <br>Je n'avais pas vraiment d'opinion sur l'avortement, ni en bien, ni en mal. Je ne pouvais pas imaginer garder le b\u00e9b\u00e9, vu que je me sentais si d\u00e9prim\u00e9e et que je n'arrivais d\u00e9j\u00e0 pas vraiment \u00e0 faire face aux \u00e9motions li\u00e9es \u00e0 la d\u00e9couverte de l'abus. Je n'avais pas le sentiment que je pourrais m'occuper de l'enfant et lui donner l'amour dont il aurait besoin. Sur le moment, je ne pouvais pas imaginer avoir un enfant et le dire \u00e0 mes parents, car il me semblait qu'ils seraient tr\u00e8s en col\u00e8re. L'avortement m'a paru la seule option. Je n'avais aucune id\u00e9e de ce que je faisais ou de ce que c'\u00e9tait. Si seulement j'avais pu rencontrer quelqu'un, dans cette situation, pour me dire la v\u00e9rit\u00e9 et me donner un sentiment d'appartenance et du soutien.<br>\n          <br>Durant les premi\u00e8res semaines de grossesse, j'ai commenc\u00e9 \u00e0 sentir des connexions avec le b\u00e9b\u00e9. Je pouvais sentir qu'il y avait une autre vie en moi et je me souviens que cette connexion semblait vraiment pure et magnifique. Pourtant, dans ma pens\u00e9e, je ne pouvais pas imaginer d'autre option que l'avortement. La relation avec mon petit-ami \u00e9tait instable et il ne voulait vraiment plus \u00eatre avec moi, \u00e0 cause de la grossesse. Je me sentais tr\u00e8s seule et d\u00e9\u00e7ue. \u00c0 la fin, j'ai fait les d\u00e9marches pour avorter.&nbsp;<br>\n          <br>Apr\u00e8s l'avortement, quand l'effet des anesth\u00e9siants s'est estomp\u00e9, je me souviens avoir eu l'impression qu'une partie de mon \u00e2me \u00e9tait morte et j'ai su que les choses ne seraient plus les m\u00eames. Je pouvais sentir que j'avais fait quelque chose de mal et je me suis sentie plonger plus profond\u00e9ment dans l'obscurit\u00e9. J'ai d\u00e9m\u00e9nag\u00e9 dans une autre ville et j'ai essay\u00e9 de continuer ma vie, mais je ne savais pas vraiment comment g\u00e9rer les choses.<br>\n          <br>Les 4 ann\u00e9es qui ont suivi ont \u00e9t\u00e9 un temps tr\u00e8s difficile. J'\u00e9tais profond\u00e9ment d\u00e9pressive et l'obscurit\u00e9 qui \u00e9tait en moi semblait cr\u00e9er des situations horribles dans ma vie. Inconsciemment, je recherchais l'amour et j'essayais de m'en sortir. J'ai eu quelques relations qui se sont av\u00e9r\u00e9es dommageables ou abusives. J'ai cherch\u00e9 des r\u00e9ponses et une gu\u00e9rison dans les philosophies New-Age et j'ai quelques fois pris des drogues, mais rien ne m'aidait vraiment ou n'apportait de gu\u00e9rison \u00e0 mes probl\u00e8mes. Le temps passant, j'ai su que l'avortement avait eu un grand effet sur moi, mais je n'en prenais pas la pleine responsabilit\u00e9, car il me semblait toujours que je n'avais pas eu d'autre choix (tandis que je sais maintenant qu'une alternative existait).&nbsp;<br>\n          <br>Apr\u00e8s 4 ans, les choses sont parvenues au point o\u00f9 je ne pouvais plus les supporter.<br>\n          <br>J'ai alors eu une exp\u00e9rience o\u00f9 j'ai re\u00e7u la pri\u00e8re et ai fait la connaissance de Dieu dans ma vie. J'ai exp\u00e9riment\u00e9 beaucoup de gu\u00e9risons et de libert\u00e9 et j'ai \u00e9t\u00e9 lib\u00e9r\u00e9e de la d\u00e9pression que je traversais. De nombreuses ann\u00e9es plus tard, j'ai pris conscience que je n'avais pas pleinement r\u00e9gl\u00e9 cet avortement, car diff\u00e9rentes \u00e9motions refaisaient surface.&nbsp;<br>\n          <br>J'ai r\u00e9alis\u00e9 que j'avais besoin de gu\u00e9rir de l'avortement et j'ai pris part \u00e0 un cours de relation d'aide post-avortement. J'ai appris \u00e0 recevoir le pardon de Dieu pour \u00eatre capable de me pardonner et de pardonner aux autres, et j'ai commenc\u00e9 \u00e0 me connecter avec mon b\u00e9b\u00e9 comme avec un vrai b\u00e9b\u00e9.&nbsp; Cette exp\u00e9rience s'est av\u00e9r\u00e9e une grande gu\u00e9rison pour moi. J'ai aussi d\u00e9cid\u00e9 que j'aimerais travailler dans le domaine pro-life dans le futur pour aider les femmes confront\u00e9es \u00e0 des situations similaires.&nbsp;&nbsp;<br>\n          <br>L'avortement est vu comme normal dans le monde. Le b\u00e9b\u00e9 dans le sein maternel n'est pas vraiment consid\u00e9r\u00e9 comme une vie et, quand les femmes d\u00e9couvrent qu'elles sont enceintes et font le choix d'avorter, elles ne comprennent souvent pas qu'elles sont en train de prendre une vie, ni les cons\u00e9quences que cela aura.&nbsp;<b>Je veux \u00eatre capable de partager la v\u00e9rit\u00e9 de Dieu, d\u00e9clarant qu'un b\u00e9b\u00e9 dans le sein maternel est une vie et que, si vous prenez cette vie au travers d'un avortement, votre \u00e2me en subira des effets.&nbsp;<\/b>J'aimerais aider et soutenir des femmes qui envisagent d'avorter et les encourager \u00e0 faire un choix diff\u00e9rent. Je veux aussi dire \u00e0 celles qui ont avort\u00e9 que Dieu les aime et que Son pardon et Sa gu\u00e9rison sont disponibles pour elles.&nbsp;&nbsp;<br>\n        <\/p>\n        <img src=\"http:\/\/abundantlife.ch\/fr\/wp-content\/uploads\/2021\/04\/frompainof_death.jpg\" alt=\"\" class=\"u-image u-image-default u-image-5\" data-image-width=\"1600\" data-image-height=\"1200\">\n        <h3 class=\"u-text u-text-default u-text-4\"><b>Sortie de la douleur de la mort pour sauver des vies<\/b>\n          <br>\n        <\/h3>\n        <p class=\"u-align-justify u-text u-text-5\">Durant mon service militaire, on m'a inform\u00e9e que mon p\u00e8re \u00e9tait d\u00e9c\u00e9d\u00e9. La perte de mon p\u00e8re a \u00e9t\u00e9 une douleur profonde pour moi. L'arm\u00e9e m'a donn\u00e9 un cong\u00e9 d'un mois pour aider la famille. Un jour, mon petit-ami est venu en visite et, dans mon besoin d'amour et de consolation, je suis tomb\u00e9e enceinte. Je n'ai m\u00eame pas r\u00e9alis\u00e9 tout de suite que je portais un enfant. Quand j'ai r\u00e9alis\u00e9 que j'\u00e9tais enceinte, l'avortement \u00e9tait la seule option pour moi. Je voulais continuer ma vie sans que rien ne m'arr\u00eate. Je me souviens que, durant ma grossesse, je me suis permise de me connecter \u00e0 mon enfant pendant quelques instants, des instants o\u00f9 j'ai eu des sentiments extraordinaires de vie en moi. \u00c0 cause de la d\u00e9cision d'avorter, j'ai imm\u00e9diatement mis un terme \u00e0 ces sentiments et les ai enfouis. Je n'oublierai jamais combien ma m\u00e8re m'a suppli\u00e9e de garder mon enfant et a offert de l'\u00e9lever pour moi. M\u00eame cela n'a pas chang\u00e9 ma d\u00e9cision. J'ai avort\u00e9 de mon b\u00e9b\u00e9.<br>\n          <br>D\u00e8s le processus termin\u00e9, je n'ai plus pu arr\u00eater de pleurer. Je sentais que la vie qui \u00e9tait en moi \u00e9tait partie et je me sentais morte int\u00e9rieurement. Mon b\u00e9b\u00e9 \u00e9tait mort et je ne pouvais pas revenir en arri\u00e8re pour renverser les effets de l'avortement. J'\u00e9tais dans la confusion et je voulais m'enfuir de ma vie. J'ai compl\u00e8tement chang\u00e9 de style de vie et j'ai quitt\u00e9 l'unit\u00e9 dans laquelle j'\u00e9tais \u00e0 l'arm\u00e9e pour aller dans une unit\u00e9 compl\u00e8tement diff\u00e9rente. Il me fallait changer d'endroit car je ne voulais rien qui me rappelle ce que j'avais fait.&nbsp;<br>\n          <br>En l'espace de trois mois, mon p\u00e8re est d\u00e9c\u00e9d\u00e9 et j'ai \u00f4t\u00e9 la vie \u00e0 mon b\u00e9b\u00e9. Des ann\u00e9es plus tard, j'ai suivi un s\u00e9minaire de gu\u00e9rison pour mon avortement. Ma vie n'a plus \u00e9t\u00e9 la m\u00eame depuis. J'ai fait face \u00e0 ma col\u00e8re, particuli\u00e8rement envers les hommes, \u00e0 ma honte, \u00e0 mes difficult\u00e9s \u00e0 me pardonner \u00e0 moi-m\u00eame et \u00e0 recevoir un espoir pour mon avenir. \u00c0 la fin du s\u00e9minaire, je savais que je voulais aider d'autres femmes qui souffrent gri\u00e8vement de leurs exp\u00e9riences d'avortements. Je savais \u00e9galement que je voulais aider des femmes qui font face \u00e0 des grossesses non d\u00e9sir\u00e9es, pour qu'elles choisissent la vie pour leurs b\u00e9b\u00e9s. C'est ainsi que je me suis sentie appel\u00e9e \u00e0 les servir et que je continue jusqu'\u00e0 ce jour. Le Seigneur a pris les domaines les plus douloureux de ma vie et les utilise pour Sa gloire.\n        <\/p>\n      <\/div>\n    <\/section>\n    \n    \n    \n    \n  \n","protected":false},"excerpt":{"rendered":"<p>Articles De la d\u00e9pression \u00e0 la joie J&#8217;aimerais vous raconter comment je suis tomb\u00e9e enceinte et ai avort\u00e9. Quand j&#8217;ai eu 21 ans, je suis devenue tr\u00e8s d\u00e9pressive alors que des \u00e9motions surgies de mon pass\u00e9 ont r\u00e9v\u00e9l\u00e9 que j&#8217;avais subi des abus dans l&#8217;enfance. Ma vie \u00e9tait tr\u00e8s sombre et douloureuse. \u00c0 peu pr\u00e8s &hellip; <a href=\"https:\/\/abundantlife.ch\/fr\/index.php\/temoignage-spa\/\" class=\"more-link\">Continue reading<span class=\"screen-reader-text\"> &#8220;T\u00e9moignage (SPA)&#8221;<\/span><\/a><\/p>\n","protected":false},"author":1,"featured_media":0,"parent":0,"menu_order":29,"comment_status":"closed","ping_status":"closed","template":"","meta":{"om_disable_all_campaigns":false,"_monsterinsights_skip_tracking":false,"_monsterinsights_sitenote_active":false,"_monsterinsights_sitenote_note":"","_monsterinsights_sitenote_category":0},"_links":{"self":[{"href":"https:\/\/abundantlife.ch\/fr\/index.php\/wp-json\/wp\/v2\/pages\/156"}],"collection":[{"href":"https:\/\/abundantlife.ch\/fr\/index.php\/wp-json\/wp\/v2\/pages"}],"about":[{"href":"https:\/\/abundantlife.ch\/fr\/index.php\/wp-json\/wp\/v2\/types\/page"}],"author":[{"embeddable":true,"href":"https:\/\/abundantlife.ch\/fr\/index.php\/wp-json\/wp\/v2\/users\/1"}],"replies":[{"embeddable":true,"href":"https:\/\/abundantlife.ch\/fr\/index.php\/wp-json\/wp\/v2\/comments?post=156"}],"version-history":[{"count":1,"href":"https:\/\/abundantlife.ch\/fr\/index.php\/wp-json\/wp\/v2\/pages\/156\/revisions"}],"predecessor-version":[{"id":194,"href":"https:\/\/abundantlife.ch\/fr\/index.php\/wp-json\/wp\/v2\/pages\/156\/revisions\/194"}],"wp:attachment":[{"href":"https:\/\/abundantlife.ch\/fr\/index.php\/wp-json\/wp\/v2\/media?parent=156"}],"curies":[{"name":"wp","href":"https:\/\/api.w.org\/{rel}","templated":true}]}}