{"id":157,"date":"2021-04-12T19:51:46","date_gmt":"2021-04-12T19:51:46","guid":{"rendered":"http:\/\/abundantlife.ch\/fr\/index.php\/actualite\/"},"modified":"2021-04-13T07:27:07","modified_gmt":"2021-04-13T07:27:07","slug":"actualite","status":"publish","type":"page","link":"https:\/\/abundantlife.ch\/fr\/index.php\/actualite\/","title":{"rendered":"Actualit\u00e9"},"content":{"rendered":"\n    \n    <section class=\"u-clearfix u-section-2\" id=\"sec-0a16\">\n      <div class=\"u-clearfix u-sheet u-sheet-1\">\n        <div class=\"u-clearfix u-expanded-width u-layout-wrap u-layout-wrap-1\">\n          <div class=\"u-layout\">\n            <div class=\"u-layout-row\">\n              <div class=\"u-container-style u-layout-cell u-left-cell u-size-30 u-layout-cell-1\">\n                <div class=\"u-container-layout u-valign-middle u-container-layout-1\">\n                  <img src=\"http:\/\/abundantlife.ch\/fr\/wp-content\/uploads\/2021\/04\/Aout2018FR.png\" alt=\"\" class=\"u-image u-image-default u-image-1\" data-image-width=\"525\" data-image-height=\"741\">\n                <\/div>\n              <\/div>\n              <div class=\"u-container-style u-layout-cell u-right-cell u-size-30 u-layout-cell-2\">\n                <div class=\"u-container-layout u-valign-middle u-container-layout-2\">\n                  <h3 class=\"u-text u-text-default u-text-1\">Lettre de nouvelle Ao\u00fbt 2018<\/h3>\n                  <a href=\"http:\/\/abundantlife.ch\/fr\/wp-content\/uploads\/2021\/04\/2018AbundantLifeAugust.pdf\" class=\"u-btn u-button-style u-file-link u-btn-1\">T\u00e9l\u00e9charger<\/a>\n                <\/div>\n              <\/div>\n            <\/div>\n          <\/div>\n        <\/div>\n        <div class=\"u-clearfix u-expanded-width u-layout-wrap u-layout-wrap-2\">\n          <div class=\"u-layout\">\n            <div class=\"u-layout-row\">\n              <div class=\"u-container-style u-layout-cell u-left-cell u-size-30 u-layout-cell-3\">\n                <div class=\"u-container-layout u-valign-middle u-container-layout-3\">\n                  <img src=\"http:\/\/abundantlife.ch\/fr\/wp-content\/uploads\/2021\/04\/Printemps2019FR.png\" alt=\"\" class=\"u-image u-image-default u-image-2\" data-image-width=\"524\" data-image-height=\"743\">\n                <\/div>\n              <\/div>\n              <div class=\"u-container-style u-layout-cell u-right-cell u-size-30 u-layout-cell-4\">\n                <div class=\"u-container-layout u-container-layout-4\">\n                  <h3 class=\"u-text u-text-2\">Lettre de nouvelle Printemps 2019&nbsp;<\/h3>\n                  <a href=\"http:\/\/abundantlife.ch\/fr\/wp-content\/uploads\/2021\/04\/2019printemps.pdf\" class=\"u-btn u-button-style u-file-link u-btn-2\">T\u00e9l\u00e9charger<\/a>\n                <\/div>\n              <\/div>\n            <\/div>\n          <\/div>\n        <\/div>\n        <div class=\"u-clearfix u-expanded-width u-layout-wrap u-layout-wrap-3\">\n          <div class=\"u-layout\">\n            <div class=\"u-layout-row\">\n              <div class=\"u-container-style u-layout-cell u-left-cell u-size-30 u-layout-cell-5\">\n                <div class=\"u-container-layout u-valign-middle u-container-layout-5\">\n                  <img src=\"http:\/\/abundantlife.ch\/fr\/wp-content\/uploads\/2021\/04\/Et2019FR.png\" alt=\"\" class=\"u-image u-image-default u-image-3\" data-image-width=\"525\" data-image-height=\"742\">\n                <\/div>\n              <\/div>\n              <div class=\"u-container-style u-layout-cell u-right-cell u-size-30 u-layout-cell-6\">\n                <div class=\"u-container-layout u-container-layout-6\">\n                  <h3 class=\"u-text u-text-3\">Lettre de nouvelle \u00c9t\u00e9 2019<\/h3>\n                  <a href=\"http:\/\/abundantlife.ch\/fr\/wp-content\/uploads\/2021\/04\/2019aoutFrancais14.pdf\" class=\"u-btn u-button-style u-file-link u-btn-3\">T\u00e9l\u00e9charger<\/a>\n                <\/div>\n              <\/div>\n            <\/div>\n          <\/div>\n        <\/div>\n        <div class=\"u-clearfix u-expanded-width u-layout-wrap u-layout-wrap-4\">\n          <div class=\"u-layout\">\n            <div class=\"u-layout-row\">\n              <div class=\"u-container-style u-layout-cell u-left-cell u-size-30 u-layout-cell-7\">\n                <div class=\"u-container-layout u-valign-middle u-container-layout-7\">\n                  <img src=\"http:\/\/abundantlife.ch\/fr\/wp-content\/uploads\/2021\/04\/Hiver2020FR.png\" alt=\"\" class=\"u-image u-image-default u-image-4\" data-image-width=\"522\" data-image-height=\"741\">\n                <\/div>\n              <\/div>\n              <div class=\"u-container-style u-layout-cell u-right-cell u-size-30 u-layout-cell-8\">\n                <div class=\"u-container-layout u-container-layout-8\">\n                  <h3 class=\"u-text u-text-4\">Letter de Nouvelle Hiver 2020<\/h3>\n                  <a href=\"http:\/\/abundantlife.ch\/fr\/wp-content\/uploads\/2021\/04\/2020HiverFrancais.pdf\" class=\"u-btn u-button-style u-file-link u-btn-4\">T\u00e9l\u00e9charger<\/a>\n                <\/div>\n              <\/div>\n            <\/div>\n          <\/div>\n        <\/div>\n        <div class=\"Latest u-clearfix u-expanded-width u-layout-wrap u-layout-wrap-5\">\n          <div class=\"u-layout\">\n            <div class=\"u-layout-row\">\n              <div class=\"Latest u-container-style u-layout-cell u-left-cell u-size-30 u-layout-cell-9\">\n                <div class=\"u-container-layout u-valign-middle u-container-layout-9\">\n                  <img src=\"http:\/\/abundantlife.ch\/fr\/wp-content\/uploads\/2021\/04\/Hiver2021FR.png\" alt=\"\" class=\"u-image u-image-default u-image-5\" data-image-width=\"629\" data-image-height=\"889\">\n                <\/div>\n              <\/div>\n              <div class=\"u-container-style u-layout-cell u-right-cell u-size-30 u-layout-cell-10\">\n                <div class=\"u-container-layout u-container-layout-10\">\n                  <h3 class=\"u-text u-text-default u-text-5\">Lettre de Novelle Hiver 2021<\/h3>\n                  <a href=\"http:\/\/abundantlife.ch\/fr\/wp-content\/uploads\/2021\/04\/2021HiverFrancais.pdf\" class=\"u-btn u-button-style u-file-link u-btn-5\">T\u00e9l\u00e9charger<\/a>\n                <\/div>\n              <\/div>\n            <\/div>\n          <\/div>\n        <\/div>\n      <\/div>\n    <\/section>\n    \n    \n    \n  \n","protected":false},"excerpt":{"rendered":"<p>Lettre de nouvelle Ao\u00fbt 2018 T\u00e9l\u00e9charger Lettre de nouvelle Printemps 2019&nbsp; T\u00e9l\u00e9charger Lettre de nouvelle \u00c9t\u00e9 2019 T\u00e9l\u00e9charger Letter de Nouvelle Hiver 2020 T\u00e9l\u00e9charger Lettre de Novelle Hiver 2021 T\u00e9l\u00e9charger<\/p>\n","protected":false},"author":1,"featured_media":0,"parent":0,"menu_order":30,"comment_status":"closed","ping_status":"closed","template":"","meta":{"om_disable_all_campaigns":false,"_monsterinsights_skip_tracking":false,"_monsterinsights_sitenote_active":false,"_monsterinsights_sitenote_note":"","_monsterinsights_sitenote_category":0},"_links":{"self":[{"href":"https:\/\/abundantlife.ch\/fr\/index.php\/wp-json\/wp\/v2\/pages\/157"}],"collection":[{"href":"https:\/\/abundantlife.ch\/fr\/index.php\/wp-json\/wp\/v2\/pages"}],"about":[{"href":"https:\/\/abundantlife.ch\/fr\/index.php\/wp-json\/wp\/v2\/types\/page"}],"author":[{"embeddable":true,"href":"https:\/\/abundantlife.ch\/fr\/index.php\/wp-json\/wp\/v2\/users\/1"}],"replies":[{"embeddable":true,"href":"https:\/\/abundantlife.ch\/fr\/index.php\/wp-json\/wp\/v2\/comments?post=157"}],"version-history":[{"count":2,"href":"https:\/\/abundantlife.ch\/fr\/index.php\/wp-json\/wp\/v2\/pages\/157\/revisions"}],"predecessor-version":[{"id":245,"href":"https:\/\/abundantlife.ch\/fr\/index.php\/wp-json\/wp\/v2\/pages\/157\/revisions\/245"}],"wp:attachment":[{"href":"https:\/\/abundantlife.ch\/fr\/index.php\/wp-json\/wp\/v2\/media?parent=157"}],"curies":[{"name":"wp","href":"https:\/\/api.w.org\/{rel}","templated":true}]}}