{"id":158,"date":"2021-04-12T19:51:47","date_gmt":"2021-04-12T19:51:47","guid":{"rendered":"http:\/\/abundantlife.ch\/fr\/index.php\/monument-aux-chaussures-spa\/"},"modified":"2021-04-12T19:51:56","modified_gmt":"2021-04-12T19:51:56","slug":"monument-aux-chaussures-spa","status":"publish","type":"page","link":"https:\/\/abundantlife.ch\/fr\/index.php\/monument-aux-chaussures-spa\/","title":{"rendered":"Monument aux chaussures (SPA)"},"content":{"rendered":"\n  \n    <section class=\"u-clearfix u-section-1\" id=\"sec-d63a\">\n      <div class=\"u-clearfix u-sheet u-sheet-1\">\n        <h1 class=\"u-text u-text-default u-text-1\"><b>Monument\naux chaussures<\/b>\n          <br>\n        <\/h1>\n        <p class=\"u-align-center u-text u-text-2\">C\u00e9r\u00e9monie\ntenue \u00e0 la fin d'un s\u00e9minaire SPA, qui aide les femmes \u00e0 dire au revoir \u00e0\nleur(s) b\u00e9b\u00e9(s) et \u00e0 le(s) remettre \u00e0 Dieu.<\/p>\n      <\/div>\n    <\/section>\n    \n    \n    \n    \n  \n","protected":false},"excerpt":{"rendered":"<p>Monument aux chaussures C\u00e9r\u00e9monie tenue \u00e0 la fin d&#8217;un s\u00e9minaire SPA, qui aide les femmes \u00e0 dire au revoir \u00e0 leur(s) b\u00e9b\u00e9(s) et \u00e0 le(s) remettre \u00e0 Dieu.<\/p>\n","protected":false},"author":1,"featured_media":0,"parent":0,"menu_order":31,"comment_status":"closed","ping_status":"closed","template":"","meta":{"om_disable_all_campaigns":false,"_monsterinsights_skip_tracking":false,"_monsterinsights_sitenote_active":false,"_monsterinsights_sitenote_note":"","_monsterinsights_sitenote_category":0},"_links":{"self":[{"href":"https:\/\/abundantlife.ch\/fr\/index.php\/wp-json\/wp\/v2\/pages\/158"}],"collection":[{"href":"https:\/\/abundantlife.ch\/fr\/index.php\/wp-json\/wp\/v2\/pages"}],"about":[{"href":"https:\/\/abundantlife.ch\/fr\/index.php\/wp-json\/wp\/v2\/types\/page"}],"author":[{"embeddable":true,"href":"https:\/\/abundantlife.ch\/fr\/index.php\/wp-json\/wp\/v2\/users\/1"}],"replies":[{"embeddable":true,"href":"https:\/\/abundantlife.ch\/fr\/index.php\/wp-json\/wp\/v2\/comments?post=158"}],"version-history":[{"count":1,"href":"https:\/\/abundantlife.ch\/fr\/index.php\/wp-json\/wp\/v2\/pages\/158\/revisions"}],"predecessor-version":[{"id":196,"href":"https:\/\/abundantlife.ch\/fr\/index.php\/wp-json\/wp\/v2\/pages\/158\/revisions\/196"}],"wp:attachment":[{"href":"https:\/\/abundantlife.ch\/fr\/index.php\/wp-json\/wp\/v2\/media?parent=158"}],"curies":[{"name":"wp","href":"https:\/\/api.w.org\/{rel}","templated":true}]}}