{"id":162,"date":"2021-04-12T19:51:51","date_gmt":"2021-04-12T19:51:51","guid":{"rendered":"http:\/\/abundantlife.ch\/fr\/index.php\/aide-humanitaire-esclavage\/"},"modified":"2021-04-12T19:51:56","modified_gmt":"2021-04-12T19:51:56","slug":"aide-humanitaire-esclavage","status":"publish","type":"page","link":"https:\/\/abundantlife.ch\/fr\/index.php\/aide-humanitaire-esclavage\/","title":{"rendered":"Aide humanitaire (esclavage)"},"content":{"rendered":"\n  \n    <section class=\"u-clearfix u-section-1\" id=\"sec-a366\">\n      <div class=\"u-clearfix u-sheet u-sheet-1\">\n        <h1 class=\"u-text u-text-default u-text-1\">Aide humanitaire<\/h1>\n        <img src=\"http:\/\/abundantlife.ch\/fr\/wp-content\/uploads\/2021\/04\/humnitariannic29_1_17-1.jpg\" alt=\"\" class=\"u-image u-image-default u-image-1\" data-image-width=\"5167\" data-image-height=\"3334\">\n        <p class=\"u-align-justify u-text u-text-2\">Chaque femme qui vient au centre\nd'onglerie du Tapis Rouge\nre\u00e7oit un traitement pour ses ongles, pour ses pieds, pour ses cheveux, des\nfournitures m\u00e9dicales, des produits d'hygi\u00e8ne, de la nourriture, participe \u00e0 l'art-th\u00e9rapie, prend une douche et\nre\u00e7oit des habits propres.<\/p>\n        <p class=\"u-align-justify u-text u-text-default u-text-3\">Objets n\u00e9cessaires :<\/p>\n        <ul class=\"u-align-justify u-text u-text-default u-text-4\">\n          <li style=\"\">Fournitures pour\nles manucures et les p\u00e9dicures<br>\n          <\/li>\n        <\/ul>\n        <p class=\"u-align-justify u-text u-text-default u-text-5\">Vernis \u00e0 ongle, limes \u00e0 ongles, ouate<\/p>\n        <ul class=\"u-align-justify u-text u-text-default u-text-6\">\n          <li style=\"\"><u><b>Hygi\u00e8ne f\u00e9minine<\/b><\/u>\n            <br>\n          <\/li>\n        <\/ul>\n        <p class=\"u-align-justify u-text u-text-7\">Serviettes, tampons, socquettes, mini bouteilles\nde shampoing et de gel douche, cr\u00e8mes pour le visage, soins pour le visage,\nnettoyants pour le visage, brosses \u00e0 dents, dentifrice, d\u00e9odorant, Q-tips.<\/p>\n        <ul class=\"u-align-justify u-text u-text-default u-text-8\">\n          <li>Maquillage<br>\n          <\/li>\n        <\/ul>\n        <p class=\"u-align-justify u-text u-text-default u-text-9\">Rouge \u00e0 l\u00e8vre,\nmaquillage, ombre \u00e0 paupi\u00e8res<\/p>\n        <ul class=\"u-align-justify u-text u-text-default u-text-10\">\n          <li style=\"\">Produits\npour les cheveux<br>\n          <\/li>\n        <\/ul>\n        <p class=\"u-align-justify u-text u-text-default u-text-11\">Brosses, peignes, ciseaux<\/p>\n        <ul class=\"u-align-justify u-text u-text-default u-text-12\">\n          <li style=\"\">Habits pour les\nfemmes, en petites tailles<br>\n          <\/li>\n        <\/ul>\n        <p class=\"u-align-justify u-text u-text-default u-text-13\">T-shirts, robes, jupes, sous-v\u00eatements :\nsoutiens-gorges et tops.<\/p>\n        <ul class=\"u-align-justify u-text u-text-default u-text-14\">\n          <li style=\"\">Produits\njetables et autres<br>\n          <\/li>\n        <\/ul>\n        <p class=\"u-align-justify u-text u-text-default u-text-15\">Papier toilette, papier essuie-tout, sacs,\ndraps, vaisselle, lingettes<\/p>\n        <ul class=\"u-align-justify u-text u-text-default u-text-16\">\n          <li style=\"\">Fournitures\nm\u00e9dicales<br>\n          <\/li>\n        <\/ul>\n        <p class=\"u-align-justify u-text u-text-17\">Pansements\/sparadraps, bandages, antibiotiques,\ncr\u00e8mes (Neosporin), anti-douleurs, fluides st\u00e9rilisants, complexes multivitamin\u00e9s pour les femmes<\/p>\n      <\/div>\n    <\/section>\n    \n    \n    \n    \n  \n","protected":false},"excerpt":{"rendered":"<p>Aide humanitaire Chaque femme qui vient au centre d&#8217;onglerie du Tapis Rouge re\u00e7oit un traitement pour ses ongles, pour ses pieds, pour ses cheveux, des fournitures m\u00e9dicales, des produits d&#8217;hygi\u00e8ne, de la nourriture, participe \u00e0 l&#8217;art-th\u00e9rapie, prend une douche et re\u00e7oit des habits propres. Objets n\u00e9cessaires : Fournitures pour les manucures et les p\u00e9dicures Vernis &hellip; <a href=\"https:\/\/abundantlife.ch\/fr\/index.php\/aide-humanitaire-esclavage\/\" class=\"more-link\">Continue reading<span class=\"screen-reader-text\"> &#8220;Aide humanitaire (esclavage)&#8221;<\/span><\/a><\/p>\n","protected":false},"author":1,"featured_media":0,"parent":0,"menu_order":35,"comment_status":"closed","ping_status":"closed","template":"","meta":{"om_disable_all_campaigns":false,"_monsterinsights_skip_tracking":false,"_monsterinsights_sitenote_active":false,"_monsterinsights_sitenote_note":"","_monsterinsights_sitenote_category":0},"_links":{"self":[{"href":"https:\/\/abundantlife.ch\/fr\/index.php\/wp-json\/wp\/v2\/pages\/162"}],"collection":[{"href":"https:\/\/abundantlife.ch\/fr\/index.php\/wp-json\/wp\/v2\/pages"}],"about":[{"href":"https:\/\/abundantlife.ch\/fr\/index.php\/wp-json\/wp\/v2\/types\/page"}],"author":[{"embeddable":true,"href":"https:\/\/abundantlife.ch\/fr\/index.php\/wp-json\/wp\/v2\/users\/1"}],"replies":[{"embeddable":true,"href":"https:\/\/abundantlife.ch\/fr\/index.php\/wp-json\/wp\/v2\/comments?post=162"}],"version-history":[{"count":1,"href":"https:\/\/abundantlife.ch\/fr\/index.php\/wp-json\/wp\/v2\/pages\/162\/revisions"}],"predecessor-version":[{"id":200,"href":"https:\/\/abundantlife.ch\/fr\/index.php\/wp-json\/wp\/v2\/pages\/162\/revisions\/200"}],"wp:attachment":[{"href":"https:\/\/abundantlife.ch\/fr\/index.php\/wp-json\/wp\/v2\/media?parent=162"}],"curies":[{"name":"wp","href":"https:\/\/api.w.org\/{rel}","templated":true}]}}