{"id":163,"date":"2021-04-12T19:51:52","date_gmt":"2021-04-12T19:51:52","guid":{"rendered":"http:\/\/abundantlife.ch\/fr\/index.php\/contact\/"},"modified":"2021-04-12T19:51:56","modified_gmt":"2021-04-12T19:51:56","slug":"contact","status":"publish","type":"page","link":"https:\/\/abundantlife.ch\/fr\/index.php\/contact\/","title":{"rendered":"Contact"},"content":{"rendered":"\n  \n    <section class=\"u-clearfix u-section-1\" id=\"sec-cf21\">\n      <div class=\"u-clearfix u-sheet u-sheet-1\">\n        <div class=\"u-clearfix u-expanded-width u-layout-wrap u-layout-wrap-1\">\n          <div class=\"u-layout\">\n            <div class=\"u-layout-row\">\n              <div class=\"u-container-style u-layout-cell u-left-cell u-size-30 u-layout-cell-1\">\n                <div class=\"u-container-layout u-container-layout-1\">\n                  <span class=\"u-icon u-icon-circle u-text-palette-1-base u-icon-1\" data-href=\"mailto:abundantlife@swissonline.ch\">\n                    <svg class=\"u-svg-link\" preserveAspectRatio=\"xMidYMin slice\" viewBox=\"0 0 512 512\" style=\"\"><use xmlns:xlink=\"http:\/\/www.w3.org\/1999\/xlink\" xlink:href=\"#svg-ef87\"><\/use><\/svg>\n                    <svg xmlns=\"http:\/\/www.w3.org\/2000\/svg\" xmlns:xlink=\"http:\/\/www.w3.org\/1999\/xlink\" version=\"1.1\" id=\"svg-ef87\" x=\"0px\" y=\"0px\" viewBox=\"0 0 512 512\" style=\"enable-background:new 0 0 512 512;\" xml:space=\"preserve\" class=\"u-svg-content\"><g><g><path d=\"M467,61H45C20.218,61,0,81.196,0,106v300c0,24.72,20.128,45,45,45h422c24.72,0,45-20.128,45-45V106    C512,81.28,491.872,61,467,61z M460.786,91L256.954,294.833L51.359,91H460.786z M30,399.788V112.069l144.479,143.24L30,399.788z     M51.213,421l144.57-144.57l50.657,50.222c5.864,5.814,15.327,5.795,21.167-0.046L317,277.213L460.787,421H51.213z M482,399.787    L338.213,256L482,112.212V399.787z\"><\/path>\n<\/g>\n<\/g><g><\/g><g><\/g><g><\/g><g><\/g><g><\/g><g><\/g><g><\/g><g><\/g><g><\/g><g><\/g><g><\/g><g><\/g><g><\/g><g><\/g><g><\/g><\/svg>\n                  <\/span>\n                  <p class=\"u-align-left u-text u-text-1\">\n                    <a href=\"mailto:abundantlife@swissonline.ch\">abundantlife@swissonline.ch<\/a>\n                  <\/p>\n                  <p class=\"u-align-center u-text u-text-2\">Abundant Life<br>Route du Centre 81<br>1727 Corpataux<br>T\u00e9l. 076 476 0163\n                  <\/p>\n                  <span class=\"u-icon u-icon-circle u-text-palette-1-base u-icon-2\">\n                    <svg class=\"u-svg-link\" preserveAspectRatio=\"xMidYMin slice\" viewBox=\"0 0 512 512\" style=\"\"><use xmlns:xlink=\"http:\/\/www.w3.org\/1999\/xlink\" xlink:href=\"#svg-420c\"><\/use><\/svg>\n                    <svg xmlns=\"http:\/\/www.w3.org\/2000\/svg\" id=\"svg-420c\" enable-background=\"new 0 0 512 512\" viewBox=\"0 0 512 512\" class=\"u-svg-content\"><g><path d=\"m506.309 318.062c-10.754-17.418-33.484-23.025-52.863-13.048l-88.892 45.632c-7.297-7.88-17.719-12.824-29.278-12.824h-60.391c-3.599 0-4.535-.3-4.735-.393-.577-.264-2.111-1.713-3.593-3.114l-.519-.49c-48.406-45.555-89.334-42.654-135.896-24.286-7.681 3.031-7.977 3.044-15.544 3.382l-13.494.016v-3.756c0-15.637-12.724-28.357-28.363-28.357h-44.378c-15.639-.001-28.363 12.719-28.363 28.356v140.258c0 15.636 12.724 28.357 28.363 28.357h44.379c15.64 0 28.363-12.721 28.363-28.357v-3.74h24.603c2.352 0 2.352 0 5.009.746.942.264 31.741 8.518 31.741 8.518.866.231 1.735.343 2.59.343 4.416 0 8.458-2.949 9.653-7.418 1.427-5.335-1.741-10.817-7.075-12.243 0 0-30.628-8.208-31.507-8.455-4.12-1.156-5.526-1.489-10.412-1.489h-24.603v-92.753h13.097c.15 0 .301-.003.451-.01l.839-.038c9.062-.405 11.596-.656 21.99-4.757 41.652-16.433 73.798-18.386 114.84 20.237l.496.47c6.745 6.375 10.629 8.972 22.067 8.972h60.391c10.988 0 19.927 8.948 19.927 19.945 0 10.982-8.939 19.917-19.93 19.917l-97.855.028c-5.523.002-9.998 4.48-9.996 10.002s4.478 9.997 9.999 9.996h.003l97.852-.028c22.015 0 39.925-17.906 39.925-39.915 0-3.278-.405-6.462-1.153-9.512l88.543-45.454c8.726-4.491 20.701-3.954 26.708 5.776 5.298 8.564 2.421 19.895-6.705 26.368l-141.485 100.735c-29.53 19.662-42.014 16.037-72.117 7.304-4.589-1.332-9.334-2.709-14.591-4.132-5.33-1.439-10.821 1.711-12.264 7.041-1.442 5.331 1.71 10.822 7.041 12.265 5.082 1.375 9.739 2.726 14.242 4.032 14.585 4.232 26.84 7.79 39.613 7.789 14.416-.001 29.491-4.534 49.298-17.744.084-.057.168-.114.251-.173l141.596-100.815c17.843-12.656 23.057-35.523 12.132-53.184zm-425.202 131.376c0 4.609-3.752 8.359-8.365 8.359h-44.379c-4.612 0-8.365-3.75-8.365-8.359v-140.258c0-4.609 3.752-8.359 8.365-8.359h44.379c4.613 0 8.365 3.75 8.365 8.359z\"><\/path><path d=\"m152.601 172.631 110.466 106.604c1.937 1.87 4.441 2.804 6.944 2.804s5.006-.935 6.943-2.803l40.209-38.793 40.219 38.794c1.937 1.868 4.439 2.802 6.942 2.802s5.005-.935 6.942-2.802l63.82-61.559c.087-.083.172-.169.255-.255 21.276-22.06 21.273-57.927 0-79.948-6.427-6.662-14.505-11.093-23.438-12.998 5.15-29.167-3.635-59.085-24.202-80.379-14.558-15.081-34.518-22.903-56.231-22.005-20.581.845-40.455 9.298-55.958 23.799l-1.011.945c-1.529 1.432-3.181 2.978-4.473 4.105-1.293-1.127-2.945-2.673-4.474-4.105l-1.009-.944c-15.505-14.502-35.379-22.955-55.96-23.8-21.707-.891-41.673 6.924-56.231 22.005-34.154 35.384-34.152 92.934.003 128.286.077.084.16.166.244.247zm268.351-21.267c13.844 14.331 13.881 37.645.111 52.053l-56.74 54.73-56.74-54.73c-13.77-14.408-13.732-37.722.117-52.059 12.002-12.441 31.501-8.868 42.67 1.57l.595.559c4.164 3.911 7.76 7.289 13.347 7.289 5.576 0 9.008-3.211 13.352-7.276l.599-.56c11.183-10.448 30.68-14.025 42.689-1.576zm-254.213-93.377c21.313-22.079 59.059-20.951 84.144 2.512l1 .936c6.843 6.408 11.365 10.641 18.142 10.641s11.298-4.233 18.142-10.641l1.002-.938c25.085-23.462 62.83-24.588 84.144-2.509 16.888 17.484 23.596 42.467 18.199 66.448-9.919 1.971-19.261 6.751-26.9 13.89l-.289.27-.286-.269c-9.703-9.067-22.147-14.349-35.038-14.874-13.753-.56-26.43 4.419-35.687 14.015-21.278 22.028-21.281 57.894-.005 79.954.083.086.168.172.255.255l9.198 8.872-32.748 31.595-103.393-99.778c-26.64-27.705-26.599-72.698.12-100.379z\"><\/path><path d=\"m208.43 446.918c-5.523 0-10 4.477-10 9.999s4.477 9.999 10 9.999h.028c5.522 0 9.985-4.477 9.985-9.999s-4.491-9.999-10.013-9.999z\"><\/path>\n<\/g><\/svg>\n                  <\/span>\n                  <p class=\"u-align-center u-text u-text-3\">CCP\n14-917885-6<br>IBAN no :&nbsp; CH17 0900 0000 1491 7885 6\n                  <\/p>\n                  <span class=\"u-icon u-icon-circle u-text-palette-1-base u-icon-3\">\n                    <svg class=\"u-svg-link\" preserveAspectRatio=\"xMidYMin slice\" viewBox=\"0 0 64 64\" style=\"\"><use xmlns:xlink=\"http:\/\/www.w3.org\/1999\/xlink\" xlink:href=\"#svg-0714\"><\/use><\/svg>\n                    <svg xmlns=\"http:\/\/www.w3.org\/2000\/svg\" id=\"svg-0714\" enable-background=\"new 0 0 64 64\" viewBox=\"0 0 64 64\" class=\"u-svg-content\"><path d=\"m62.707 48.293c-1.101-1.101-1.707-2.564-1.707-4.122v-10.04c0-2.359-.743-4.546-2-6.348v-.24c0-1.836-.694-3.561-1.949-4.891l.445-3.558c.335-2.674.504-5.397.504-8.094 0-5.514-4.486-10-10-10-3.101 0-5.925 1.414-7.797 3.768-1.17-2.236-3.509-3.768-6.203-3.768h-3.248c-2.783 0-5.221 1.479-6.588 3.687-1.183-2.193-3.502-3.687-6.164-3.687h-7c-2.206 0-4 1.794-4 4v3.752c0 .936.15 1.86.446 2.747.447 1.342 1.226 2.568 2.251 3.545l.508.484c.36 1.363 1.185 2.535 2.298 3.338l-.328 1.31-1.768.442c-1.255.313-2.402.962-3.316 1.877-.787.787-1.367 1.756-1.716 2.81-2.654 2.037-4.375 5.23-4.375 8.826 0 3.372 1.638 6.554 4.381 8.513l1.36.972-.615 1.844-.441.441c-1.731 1.731-2.685 4.033-2.685 6.482 0 1.922.59 3.764 1.708 5.328l1.684 2.358c1.311 1.835 3.441 2.931 5.696 2.931h12.912c2.206 0 4-1.794 4-4 0-1.029-.401-1.958-1.041-2.668l2.222-13.332h-10.028l-1.602 9.612c-.45-1.41-1.228-2.703-2.304-3.78-.661-.661-1.425-1.203-2.247-1.64v-1.412l.332.083c.36.091.733.137 1.106.137 2.516 0 4.562-2.046 4.562-4.562v-2.82l2.229-1.115-1.77-5.177c.592-.338 1.106-.786 1.515-1.326h18.052c.409.541.924.989 1.515 1.327l-1.77 5.177 2.229 1.114v2.82c0 2.516 2.046 4.562 4.562 4.562.374 0 .746-.046 1.106-.136l.332-.083v1.373c-.819.459-1.583 1.015-2.247 1.678-1.077 1.077-1.854 2.37-2.304 3.78l-1.602-9.612h-10.028l2.222 13.332c-.64.71-1.041 1.639-1.041 2.668 0 2.206 1.794 4 4 4h12.518c2.505 0 4.834-1.352 6.078-3.527l1.109-1.942c.494-.865.835-1.803 1.048-2.771 2.616-.67 4.672-2.787 5.228-5.563l.105-.525zm-40.912-32.765.508-.484c.69-.657 1.256-1.434 1.696-2.276.441.842 1.007 1.619 1.697 2.276l.508.484c.36 1.363 1.185 2.535 2.298 3.338l-.328 1.31-1.768.442c-.867.217-1.676.603-2.399 1.117-.726-.518-1.547-.9-2.415-1.117l-1.769-.442-.328-1.31c1.115-.803 1.94-1.975 2.3-3.338zm16 0 .353-.336c.084 1.305.195 2.61.356 3.901l.242 1.934c-.372-.165-.754-.31-1.152-.409l-1.769-.442-.328-1.31c1.113-.803 1.938-1.975 2.298-3.338zm-10.412 6.907 1.43-.358 1.456.971-1.522 1.141zm4.617-.637-1.859-1.239.199-.797c.528.152 1.084.238 1.66.238s1.132-.086 1.659-.239l.199.798zm4-7.798c0 2.206-1.794 4-4 4s-4-1.794-4-4v-2.266c0-.494.369-.919.859-.99l2.313-.331c.959-.137 1.815-.581 2.473-1.222l.083.021c1.337.335 2.272 1.532 2.272 2.911zm-16.693 8.108 1.802.451c.497.124.969.332 1.407.596-.35.447-.641.93-.873 1.44-.038-.041-.066-.089-.106-.129-.854-.854-1.967-1.339-3.159-1.428zm3.693 5.434c0-1.373.535-2.663 1.505-3.633.28-.28.595-.517.928-.723l4.522 5.814h-6.955zm6.976-1.774 2.024-1.518 2.024 1.518-2.024 2.603zm5.276-1.578-1.522-1.142 1.456-.97 1.431.358zm6.515-.641c-.091-.134-.197-.257-.297-.385.442-.269.919-.479 1.422-.605l.604-.151c1.347-.337 2.403-1.342 2.826-2.65.534.154 1.095.242 1.678.242s1.144-.088 1.677-.243c.423 1.308 1.479 2.313 2.826 2.65l.605.151c.903.226 1.728.693 2.387 1.351.357.357.632.767.866 1.199-1.829-1.321-4.068-2.108-6.492-2.108h-5.869c-.792 0-1.546.203-2.233.549zm6.233-5.549c-2.206 0-4-1.794-4-4v-2.266c0-.494.369-.919.859-.99l2.313-.331c.959-.137 1.815-.581 2.473-1.222l.083.021c1.337.335 2.272 1.532 2.272 2.911v1.877c0 2.206-1.794 4-4 4zm0-15c4.411 0 8 3.589 8 8 0 2.614-.165 5.254-.488 7.845l-.301 2.405c-.511-.272-1.051-.491-1.618-.633l-.604-.151c-.718-.179-1.276-.737-1.455-1.455l-.036-.146c1.512-1.09 2.502-2.862 2.502-4.865v-1.877c0-2.106-1.308-3.958-3.243-4.681.158-.455.243-.941.243-1.442v-1h-2v1c0 1.216-.908 2.262-2.111 2.435l-2.313.331c-1.469.209-2.576 1.485-2.576 2.968v2.266c0 2.003.99 3.775 2.503 4.866l-.036.146c-.179.718-.737 1.276-1.455 1.455l-.604.151c-.564.141-1.108.352-1.619.624l-.3-2.397c-.253-2.026-.404-4.087-.46-6.129.202-.393.385-.796.525-1.216.296-.888.446-1.812.446-2.748v-.752c0-.259-.017-.514-.044-.766 1.398-2.613 4.065-4.234 7.044-4.234zm-17.248 0h3.248c2.757 0 5 2.243 5 5v.752c0 .72-.115 1.432-.343 2.115-.163.489-.387.955-.657 1.393v-.137c0-2.106-1.308-3.958-3.243-4.681.158-.455.243-.941.243-1.442v-1h-2v1c0 1.216-.908 2.262-2.111 2.435l-2.313.331c-1.469.209-2.576 1.485-2.576 2.968v.526c-.27-.438-.494-.904-.657-1.393-.228-.683-.343-1.394-.343-2.115 0-3.171 2.581-5.752 5.752-5.752zm-21.409 7.867c-.228-.683-.343-1.394-.343-2.115v-3.752c0-1.103.897-2 2-2h7c2.757 0 5 2.243 5 5v.752c0 .72-.115 1.432-.343 2.115-.163.489-.387.955-.657 1.393v-.137c0-2.106-1.308-3.958-3.243-4.681.158-.455.243-.941.243-1.442v-1h-2v1c0 1.216-.908 2.262-2.111 2.435l-2.313.331c-1.469.209-2.576 1.485-2.576 2.968v.526c-.27-.438-.494-.904-.657-1.393zm2.657.867c0-.494.369-.919.859-.99l2.313-.331c.959-.137 1.815-.581 2.473-1.222l.083.021c1.337.335 2.272 1.532 2.272 2.911v1.877c0 2.206-1.794 4-4 4s-4-1.794-4-4zm4 8.266c.576 0 1.132-.086 1.659-.239l.233.932-1.892 1.893-1.892-1.892.233-.932c.527.152 1.083.238 1.659.238zm-5.108 2.558 1.801-.451.893.893h-1.455c-1.074 0-2.11.161-3.094.446.551-.416 1.181-.72 1.855-.888zm-4.349 18.458c-2.218-1.584-3.543-4.158-3.543-6.885 0-5.035 4.096-9.131 9.131-9.131h5.869c.802 0 1.555.312 2.122.879.566.567.878 1.321.878 2.122 0 1.654-1.347 2.999-3 2.999h-1c-.551 0-1-.449-1-1.004 0-.549.448-.996 1-.996v-2c-1.654 0-3 1.344-3 3 0 .048.012.092.014.139-1.807.411-3.277 1.789-3.742 3.648l-.055.219c-1.792.109-3.217 1.602-3.217 3.421 0 .528.125 1.058.362 1.533l.559 1.117-.518 1.553zm18.457 19.984h-2v-4h2c1.103 0 2 .897 2 2s-.897 2-2 2zm-2.18-10h-1.972l.333-2h1.972zm-.334 2-.333 2h-1.973l.333-2zm3.637 2.18c-.359-.106-.731-.18-1.123-.18h-.82l1.667-10h1.972zm-2.303-10.18-.333 2h-1.972l.333-2zm-6.835 10h-3.367l-2.724-5.447-1.789.895 2.724 5.447c.341.681 1.026 1.105 1.789 1.105h7.382v4h-8.912c-1.611 0-3.132-.783-4.069-2.094l-1.684-2.357c-.874-1.223-1.335-2.664-1.335-4.166 0-1.915.746-3.714 2.099-5.068l.192-.192 4.341 1.24c1.206.345 2.313.996 3.2 1.883 1.285 1.285 2.039 2.958 2.153 4.754zm2.786-18.503-1.771.885v4.057c0 1.412-1.149 2.561-2.562 2.561-.209 0-.418-.026-.621-.077l-3.575-.894-.485 1.94 1.243.312v1.108l-3.721-1.063 1.801-5.402-.929-1.857c-.099-.199-.151-.42-.151-.64 0-.787.64-1.427 1.427-1.427h1.354l.432-1.728c.308-1.232 1.35-2.112 2.59-2.245.548.594 1.326.973 2.197.973h1c.19 0 .371-.035.556-.056zm14.274-7.497 4.522-5.814c.333.207.648.444.928.723.269.269.492.572.694.89-.757.9-1.19 2.013-1.189 3.202 0 .342.036.675.101.998h-5.056zm17.198 15.97-.485-1.94-3.575.894c-.203.05-.412.076-.621.076-1.413 0-2.562-1.149-2.562-2.562v-4.057l-1.771-.885 1.215-3.553c.185.022.366.057.556.057h1c.769 0 1.464-.299 1.996-.777.877.356 1.558 1.113 1.791 2.049l.432 1.728h1.354c.787 0 1.427.64 1.427 1.427 0 .22-.052.441-.151.638l-.929 1.858 1.815 5.444-2.735.912v-.998zm-10.09 6.03h-1.973l-.333-2h1.972zm-1.306 4-.333-2h1.972l.333 2zm.639-8h-1.972l-.333-2h1.972zm-4.333-2 1.667 10h-.82c-.392 0-.764.074-1.123.18l-1.696-10.18zm-1.153 14c0-1.103.897-2 2-2h2v4h-2c-1.103 0-2-.897-2-2zm19.969-2.461-1.109 1.942c-.889 1.554-2.552 2.519-4.342 2.519h-8.518v-4h7.382c.763 0 1.448-.424 1.789-1.105l2.724-5.447-1.789-.895-2.724 5.447h-3.367c.114-1.796.868-3.469 2.152-4.753.898-.898 2.01-1.585 3.214-1.986l3.348-1.116c1.465 1.475 2.271 3.431 2.271 5.511 0 1.36-.356 2.702-1.031 3.883zm3.027-3.957c-.019-2.597-1.036-5.036-2.874-6.874l-.248-.248-1.795-5.384.559-1.117c.237-.474.362-1.003.362-1.532 0-1.819-1.425-3.313-3.218-3.421l-.055-.219c-.371-1.483-1.416-2.695-2.775-3.321.025-.153.048-.307.048-.466 0-1.654-1.346-3-3-3v2c.551 0 1 .449 1 1s-.449 1-1 1h-1c-1.653 0-3-1.345-3-2.999 0-.801.312-1.555.878-2.122.567-.567 1.32-.879 2.122-.879h5.869c5.035 0 9.131 4.096 9.131 9.131v10.041c0 1.901.673 3.698 1.906 5.12-.424 1.492-1.51 2.691-2.91 3.29z\"><\/path><\/svg>\n                  <\/span>\n                  <p class=\"u-align-center u-text u-text-4\"><u>Composition\ndu Comit\u00e9 Suisse&nbsp;<\/u>:&nbsp;&nbsp;<br>David\n&amp; Claudia CARMAN<br>Maria\nCONZELMANN<br>Jacqueline\nFARDEL<br>Iska WERNLI\n                  <\/p>\n                <\/div>\n              <\/div>\n              <div class=\"u-container-style u-layout-cell u-right-cell u-size-30 u-layout-cell-2\">\n                <div class=\"u-container-layout u-container-layout-2\">\n                  <div class=\"u-expanded u-grey-10 u-map\">\n                    <div class=\"embed-responsive\">\n                      <iframe class=\"embed-responsive-item\" src=\"\/\/maps.google.com\/maps?output=embed&amp;q=Tel-aviv%20Israel%20&amp;t=m\" data-map=\"JTdCJTIycG9zaXRpb25UeXBlJTIyJTNBJTIybWFwLWFkZHJlc3MlMjIlMkMlMjJhZGRyZXNzJTIyJTNBJTIyVGVsLWF2aXYlMjBJc3JhZWwlMjAlMjIlMkMlMjJ6b29tJTIyJTNBbnVsbCUyQyUyMnR5cGVJZCUyMiUzQSUyMnJvYWQlMjIlMkMlMjJsYW5nJTIyJTNBbnVsbCUyQyUyMmFwaUtleSUyMiUzQW51bGwlMkMlMjJtYXJrZXJzJTIyJTNBJTVCJTVEJTdE\"><\/iframe>\n                    <\/div>\n                  <\/div>\n                <\/div>\n              <\/div>\n            <\/div>\n          <\/div>\n        <\/div>\n      <\/div>\n    <\/section>\n    <section class=\"u-clearfix u-section-2\" id=\"sec-0f9a\">\n      <div class=\"u-clearfix u-sheet u-sheet-1\">\n        <h3 class=\"u-text u-text-default u-text-1\">Pour plus d'information \u00e9crivez-nous<\/h3>\n        <div class=\"u-form u-form-1\">\n          <form action=\"#\" method=\"POST\" class=\"u-clearfix u-form-spacing-10 u-form-vertical u-inner-form\" style=\"padding: 10px;\" source=\"custom\" name=\"form\">\n            <div class=\"u-form-group u-form-name u-form-group-1\">\n              <label for=\"name-5626\" class=\"u-form-control-hidden u-label\">Name<\/label>\n              <input type=\"text\" placeholder=\"Nom*\" id=\"name-5626\" name=\"name\" class=\"u-border-1 u-border-grey-30 u-input u-input-rectangle u-white\" required=\"\">\n            <\/div>\n            <div class=\"u-form-email u-form-group u-form-group-2\">\n              <label for=\"email-5626\" class=\"u-form-control-hidden u-label\">Email<\/label>\n              <input type=\"email\" placeholder=\"Adresse E-mail*\" id=\"email-5626\" name=\"email\" class=\"u-border-1 u-border-grey-30 u-input u-input-rectangle u-white\" required=\"\">\n            <\/div>\n            <div class=\"u-form-group u-form-phone u-form-group-3\">\n              <label for=\"phone-c845\" class=\"u-form-control-hidden u-label\">Phone<\/label>\n              <input type=\"tel\" pattern=\"+?d{0,2}[s(-]?([0-9]{3})[s)-]?([s-]?)([0-9]{3})[s-]?([0-9]{2})[s-]?([0-9]{2})\" placeholder=\"Num\u00e9ro de t\u00e9l\u00e9phone\" id=\"phone-c845\" name=\"phone\" class=\"u-border-1 u-border-grey-30 u-input u-input-rectangle u-white\">\n            <\/div>\n            <div class=\"u-form-address u-form-group u-form-group-4\">\n              <label for=\"address-aa47\" class=\"u-form-control-hidden u-label\">Address<\/label>\n              <input type=\"text\" placeholder=\"Adresse*\" id=\"address-aa47\" name=\"address\" class=\"u-border-1 u-border-grey-30 u-input u-input-rectangle u-white\" required=\"\">\n            <\/div>\n            <div class=\"u-form-group u-form-message u-form-group-5\">\n              <label for=\"message-5626\" class=\"u-form-control-hidden u-label\">Message<\/label>\n              <textarea placeholder=\"Un message ou question*\" rows=\"4\" cols=\"50\" id=\"message-5626\" name=\"message\" class=\"u-border-1 u-border-grey-30 u-input u-input-rectangle u-white\" required=\"\"><\/textarea>\n            <\/div>\n            <div class=\"u-form-agree u-form-group u-form-group-6\">\n              <input type=\"checkbox\" id=\"agree-85ee\" name=\"agree\" class=\"u-agree-checkbox\">\n              <label for=\"agree-85ee\" class=\"u-agree-label u-label\">Recevoir des nouvel par Email par mois<\/label>\n            <\/div>\n            <div class=\"u-form-agree u-form-group u-form-group-7\">\n              <input type=\"checkbox\" id=\"agree-fcf3\" name=\"agree-1\" class=\"u-agree-checkbox\">\n              <label for=\"agree-fcf3\" class=\"u-agree-label u-label\">Recevoir bisannuellement une lettre de nouvel par E-mail<\/label>\n            <\/div>\n            <div class=\"u-form-agree u-form-group u-form-group-8\">\n              <input type=\"checkbox\" id=\"agree-8bb9\" name=\"agree-2\" class=\"u-agree-checkbox\">\n              <label for=\"agree-8bb9\" class=\"u-agree-label u-label\">Recevoir bisannuellement une lettre de nouvel par poste<\/label>\n            <\/div>\n            <div class=\"u-form-group u-form-submit u-form-group-9\">\n              <a href=\"#\" class=\"u-btn u-btn-submit u-button-style\">Submit<\/a>\n              <input type=\"submit\" value=\"submit\" class=\"u-form-control-hidden\">\n            <\/div>\n            <div class=\"u-form-send-message u-form-send-success\"> Thank you! Your message has been sent. <\/div>\n            <div class=\"u-form-send-error u-form-send-message\"> Unable to send your message. Please fix errors then try again. <\/div>\n            <input type=\"hidden\" value=\"\" name=\"recaptchaResponse\">\n          <\/form>\n        <\/div>\n      <\/div>\n    <\/section>\n    \n    \n    \n    \n  \n","protected":false},"excerpt":{"rendered":"<p>abundantlife@swissonline.ch Abundant LifeRoute du Centre 811727 CorpatauxT\u00e9l. 076 476 0163 CCP 14-917885-6IBAN no :&nbsp; CH17 0900 0000 1491 7885 6 Composition du Comit\u00e9 Suisse&nbsp;:&nbsp;&nbsp;David &amp; Claudia CARMANMaria CONZELMANNJacqueline FARDELIska WERNLI Pour plus d&#8217;information \u00e9crivez-nous Name Email Phone Address Message Recevoir des nouvel par Email par mois Recevoir bisannuellement une lettre de nouvel par E-mail Recevoir &hellip; <a href=\"https:\/\/abundantlife.ch\/fr\/index.php\/contact\/\" class=\"more-link\">Continue reading<span class=\"screen-reader-text\"> &#8220;Contact&#8221;<\/span><\/a><\/p>\n","protected":false},"author":1,"featured_media":0,"parent":0,"menu_order":36,"comment_status":"closed","ping_status":"closed","template":"","meta":{"om_disable_all_campaigns":false,"_monsterinsights_skip_tracking":false,"_monsterinsights_sitenote_active":false,"_monsterinsights_sitenote_note":"","_monsterinsights_sitenote_category":0},"_links":{"self":[{"href":"https:\/\/abundantlife.ch\/fr\/index.php\/wp-json\/wp\/v2\/pages\/163"}],"collection":[{"href":"https:\/\/abundantlife.ch\/fr\/index.php\/wp-json\/wp\/v2\/pages"}],"about":[{"href":"https:\/\/abundantlife.ch\/fr\/index.php\/wp-json\/wp\/v2\/types\/page"}],"author":[{"embeddable":true,"href":"https:\/\/abundantlife.ch\/fr\/index.php\/wp-json\/wp\/v2\/users\/1"}],"replies":[{"embeddable":true,"href":"https:\/\/abundantlife.ch\/fr\/index.php\/wp-json\/wp\/v2\/comments?post=163"}],"version-history":[{"count":1,"href":"https:\/\/abundantlife.ch\/fr\/index.php\/wp-json\/wp\/v2\/pages\/163\/revisions"}],"predecessor-version":[{"id":201,"href":"https:\/\/abundantlife.ch\/fr\/index.php\/wp-json\/wp\/v2\/pages\/163\/revisions\/201"}],"wp:attachment":[{"href":"https:\/\/abundantlife.ch\/fr\/index.php\/wp-json\/wp\/v2\/media?parent=163"}],"curies":[{"name":"wp","href":"https:\/\/api.w.org\/{rel}","templated":true}]}}