{"id":164,"date":"2021-04-12T19:51:53","date_gmt":"2021-04-12T19:51:53","guid":{"rendered":"http:\/\/abundantlife.ch\/fr\/index.php\/seminaires-conseilleres-pro\/"},"modified":"2021-04-12T19:51:56","modified_gmt":"2021-04-12T19:51:56","slug":"seminaires-conseilleres-pro","status":"publish","type":"page","link":"https:\/\/abundantlife.ch\/fr\/index.php\/seminaires-conseilleres-pro\/","title":{"rendered":"S\u00e9minaires conseill\u00e8res (Pro)"},"content":{"rendered":"\n  \n    <section class=\"u-clearfix u-section-1\" id=\"sec-902b\">\n      <div class=\"u-clearfix u-sheet u-sheet-1\">\n        <h1 class=\"u-text u-text-default u-text-1\">S\u00e9minaires pour conseill\u00e8res<\/h1>\n        <img src=\"http:\/\/abundantlife.ch\/fr\/wp-content\/uploads\/2021\/04\/counsellors15_1_17-1.jpg\" alt=\"\" class=\"u-image u-image-default u-image-1\" data-image-width=\"4167\" data-image-height=\"2500\">\n        <p class=\"u-text u-text-2\">Des b\u00e9b\u00e9s sont sauv\u00e9s de l'avortement au\ntravers de notre permanence t\u00e9l\u00e9phonique, dont le num\u00e9ro est publi\u00e9 sur notre\npage internet.&nbsp;<br>\n          <br>Nos conseill\u00e8res r\u00e9pondent aux appels de femmes enceintes, en situation de crise ou de\ngrossesse non d\u00e9sir\u00e9e. Elles leurs prodiguent un soutien \u00e9motionnel et un suivi\ndurant toute la grossesse et apr\u00e8s la naissance, jusqu'\u00e0 ce qu'elles puissent\ncontinuer \u00e0 voler de leurs propres ailes.&nbsp;<br>\n          <br>Nous avons la possibilit\u00e9 de b\u00e9nir chaque femme\nqui en a besoin avec des meubles pour b\u00e9b\u00e9 et d'autres objets.<b><\/b>\n        <\/p>\n      <\/div>\n    <\/section>\n    \n    \n    \n    \n  \n","protected":false},"excerpt":{"rendered":"<p>S\u00e9minaires pour conseill\u00e8res Des b\u00e9b\u00e9s sont sauv\u00e9s de l&#8217;avortement au travers de notre permanence t\u00e9l\u00e9phonique, dont le num\u00e9ro est publi\u00e9 sur notre page internet.&nbsp; Nos conseill\u00e8res r\u00e9pondent aux appels de femmes enceintes, en situation de crise ou de grossesse non d\u00e9sir\u00e9e. Elles leurs prodiguent un soutien \u00e9motionnel et un suivi durant toute la grossesse et &hellip; <a href=\"https:\/\/abundantlife.ch\/fr\/index.php\/seminaires-conseilleres-pro\/\" class=\"more-link\">Continue reading<span class=\"screen-reader-text\"> &#8220;S\u00e9minaires conseill\u00e8res (Pro)&#8221;<\/span><\/a><\/p>\n","protected":false},"author":1,"featured_media":0,"parent":0,"menu_order":37,"comment_status":"closed","ping_status":"closed","template":"","meta":{"om_disable_all_campaigns":false,"_monsterinsights_skip_tracking":false,"_monsterinsights_sitenote_active":false,"_monsterinsights_sitenote_note":"","_monsterinsights_sitenote_category":0},"_links":{"self":[{"href":"https:\/\/abundantlife.ch\/fr\/index.php\/wp-json\/wp\/v2\/pages\/164"}],"collection":[{"href":"https:\/\/abundantlife.ch\/fr\/index.php\/wp-json\/wp\/v2\/pages"}],"about":[{"href":"https:\/\/abundantlife.ch\/fr\/index.php\/wp-json\/wp\/v2\/types\/page"}],"author":[{"embeddable":true,"href":"https:\/\/abundantlife.ch\/fr\/index.php\/wp-json\/wp\/v2\/users\/1"}],"replies":[{"embeddable":true,"href":"https:\/\/abundantlife.ch\/fr\/index.php\/wp-json\/wp\/v2\/comments?post=164"}],"version-history":[{"count":1,"href":"https:\/\/abundantlife.ch\/fr\/index.php\/wp-json\/wp\/v2\/pages\/164\/revisions"}],"predecessor-version":[{"id":202,"href":"https:\/\/abundantlife.ch\/fr\/index.php\/wp-json\/wp\/v2\/pages\/164\/revisions\/202"}],"wp:attachment":[{"href":"https:\/\/abundantlife.ch\/fr\/index.php\/wp-json\/wp\/v2\/media?parent=164"}],"curies":[{"name":"wp","href":"https:\/\/api.w.org\/{rel}","templated":true}]}}